{"id":549,"date":"2022-02-14T13:46:10","date_gmt":"2022-02-14T12:46:10","guid":{"rendered":"https:\/\/hkhbranding.2sinn.dev\/?page_id=549"},"modified":"2023-03-20T15:39:08","modified_gmt":"2023-03-20T14:39:08","slug":"error-404","status":"publish","type":"page","link":"https:\/\/hotel-koenigshof.eu\/en\/error-404\/","title":{"rendered":"404"},"content":{"rendered":"<h1>\n\t\tDiese Seite wurde leider nicht gefunden\n\t<\/h1>\n\t<p>Die von Ihnen aufgerufene Seite wurde verschoben oder existiert in der Form nicht mehr. Schauen Sie einfach auf unsere Startseite oder auf die Navigation. Alternativ k\u00f6nnen Sie auch Kontakt zu uns aufnehmen.<\/p>\n\t\t<h3>Seiten<\/h3><ul><li><a href=\"https:\/\/hotel-koenigshof.eu\/en\/zimmer\/\">Rooms<\/a><\/li><li><a href=\"https:\/\/hotel-koenigshof.eu\/en\/\">Welcome to hotel K\u00f6nigshof<\/a><\/li><li><a href=\"https:\/\/hotel-koenigshof.eu\/en\/umgebung\/\">Vicinity<\/a><\/li><li><a href=\"https:\/\/hotel-koenigshof.eu\/en\/service\/\">Service<\/a><\/li><li><a href=\"https:\/\/hotel-koenigshof.eu\/en\/kontakt\/\">Contact<\/a><\/li><li><a href=\"https:\/\/hotel-koenigshof.eu\/en\/impressum\/\">Imprint<\/a><\/li><li><a href=\"https:\/\/hotel-koenigshof.eu\/en\/faqs\/\">FAQs<\/a><\/li><li><a href=\"https:\/\/hotel-koenigshof.eu\/en\/datenschutzerklaerung\/\">Data privacy<\/a><\/li><li><a href=\"https:\/\/hotel-koenigshof.eu\/en\/cookie-richtlinie\/\">Cookie disclaimer<\/a><\/li><li><a href=\"https:\/\/hotel-koenigshof.eu\/en\/buchung\/\">Booking<\/a><\/li><li><a href=\"https:\/\/hotel-koenigshof.eu\/en\/360-grad\/\">360 grad<\/a><\/li><\/ul>","protected":false},"excerpt":{"rendered":"<p>Diese Seite wurde leider nicht gefunden Die von Ihnen aufgerufene Seite wurde verschoben oder existiert in der Form nicht mehr. Schauen Sie einfach auf unsere Startseite oder auf die Navigation. Alternativ k\u00f6nnen Sie auch Kontakt zu uns aufnehmen. Seiten Zimmer Willkommen im Hotel K\u00f6nigshof Umgebung Service Kontakt Impressum FAQs Datenschutzerkl\u00e4rung Cookie-Richtlinie Buchung 360 grad<\/p>","protected":false},"author":2,"featured_media":0,"parent":0,"menu_order":0,"comment_status":"closed","ping_status":"closed","template":"","meta":{"slim_seo":{"title":"404 - Hotel K\u00f6nigshof","description":"Diese Seite wurde leider nicht gefunden Die von Ihnen aufgerufene Seite wurde verschoben oder existiert in der Form nicht mehr. Schauen Sie einfach auf unsere S"},"footnotes":""},"class_list":["post-549","page","type-page","status-publish"],"_links":{"self":[{"href":"https:\/\/hotel-koenigshof.eu\/en\/wp-json\/wp\/v2\/pages\/549","targetHints":{"allow":["GET"]}}],"collection":[{"href":"https:\/\/hotel-koenigshof.eu\/en\/wp-json\/wp\/v2\/pages"}],"about":[{"href":"https:\/\/hotel-koenigshof.eu\/en\/wp-json\/wp\/v2\/types\/page"}],"author":[{"embeddable":true,"href":"https:\/\/hotel-koenigshof.eu\/en\/wp-json\/wp\/v2\/users\/2"}],"replies":[{"embeddable":true,"href":"https:\/\/hotel-koenigshof.eu\/en\/wp-json\/wp\/v2\/comments?post=549"}],"version-history":[{"count":0,"href":"https:\/\/hotel-koenigshof.eu\/en\/wp-json\/wp\/v2\/pages\/549\/revisions"}],"wp:attachment":[{"href":"https:\/\/hotel-koenigshof.eu\/en\/wp-json\/wp\/v2\/media?parent=549"}],"curies":[{"name":"wp","href":"https:\/\/api.w.org\/{rel}","templated":true}]}}