{"id":368,"date":"2022-01-26T15:13:32","date_gmt":"2022-01-26T14:13:32","guid":{"rendered":"http:\/\/dev.hotel-koenigshof.eu\/?page_id=368"},"modified":"2025-06-19T15:42:53","modified_gmt":"2025-06-19T13:42:53","slug":"faqs","status":"publish","type":"page","link":"https:\/\/hotel-koenigshof.eu\/en\/faqs\/","title":{"rendered":"FAQs"},"content":{"rendered":"<h1>\n\t\tFrequently asked Questions\n\t<\/h1>\n\t\t\t\t\t\t\t\t\t\t<h4 tabindex=\"0\">How does check in work, what is the key box code for?<\/h4>\n\t\t\t\t\t<p class=\"translation-block\">For a check-in you will receive a key box code number from us. You will receive your key from the key box after entering the code number. <b>With <\/b>this <b>key<\/b> you can open the <b>main entrance door<\/b> and the <b>side entrance doors<\/b>.<\/p>\n<p><b>Ab 13.00 haben wir keine besetzt Rezeption mehr. Unser Bed &amp; Breakfast versteht sich als \u201eself-check-in Hotel&#8220;.<\/b><\/p>\n\t\t\t\t\t\t\t\t\t\t<h4 tabindex=\"0\">If I need something, how do I get help?<\/h4>\n\t\t\t\t\t<p>We can be reached 24\/7 via our telephones in the rooms, at reception or at the night bell next to the key box!<\/p>\n\t\t\t\t\t\t\t\t\t\t<h4 tabindex=\"0\">Parking lot?<\/h4>\n\t\t\t\t\t<p>Der Dauerparkplatz befindet sich links am\u00a0Bed &amp; Breakfast. Dieser ist kostenfrei.<\/p>\n<p>Kurzparken vor der Haupteingangst\u00fcr des K\u00f6nigshof Bed &amp; Breakfast.<\/p>\n\t\t\t\t\t\t\t\t\t\t<h4 tabindex=\"0\">When is breakfast served?<\/h4>\n\t\t\t\t\t<p>Mo- Fr 07.00 &#8211; 10.00<br \/>Sa, So und Feiertagen 08.00 &#8211; 10.30<\/p>\n\t\t\t\t\t\t\t\t\t\t<h4 tabindex=\"0\">Check-in?<\/h4>\n\t\t\t\t\t<p>2 p.m. at the earliest. You are welcome to leave your luggage with us earlier, but the room is usually not ready for occupancy until 2 p.m.<\/p>\n\t\t\t\t\t\t\t\t\t\t<h4 tabindex=\"0\">Check-out?<\/h4>\n\t\t\t\t\t<p>11.00 a.m.<\/p>\n\t\t\t\t\t\t\t\t\t\t<h4 tabindex=\"0\">Important note: we have no elevator and no air conditioning!<\/h4>\n\t\t\t\t\t\t\t\t\t\t<h4 tabindex=\"0\">Company holidays<\/h4>\n\t\t\t\t\t<p>The following periods are currently planned for company holidays:<\/p>\n<p>03.06.2023 &#8211; 12.06.2023<br \/>23.12.2023 &#8211; 08.01.2024<\/p>\n<p>During this time the hotel is closed.<\/p>\n\t\t\t\t\t\t\t\t\t\t<h4 tabindex=\"0\">A phone number for a taxi in K\u00f6nigstein?<\/h4>\n\t\t\t\t\t<p>Taxi Akon: 0049 6174 203040<br \/>Taxi Zuber: 0049 6174 4444<\/p>\n\t\t\t\t\t\t\t\t\t\t<h4 tabindex=\"0\">Bicycle storage?<\/h4>\n\t\t\t\t\t<p>Ein Fahrradkeller ist vorhanden. Der Eingang befindet sich am hinteren Ende des K\u00f6nigshof Bed &amp; Breakfast. Mit dem Zimmerschl\u00fcssel k\u00f6nnen Sie die T\u00fcr \u00f6ffnen und Ihre R\u00e4der sicher abstellen.<\/p>\n<p>The area is under video surveillance.<\/p>","protected":false},"excerpt":{"rendered":"<p>H\u00e4ufig gestellte Fragen Wie geht der Check-in, wof\u00fcr ist der Schl\u00fcsselkasten Code? F\u00fcr einen Check-in erhalten Sie eine Schl\u00fcsselkasten Codenummer von uns. Ihren Schl\u00fcssel erhalten Sie nach Eingabe der Codenummer aus dem Schl\u00fcsselkasten. Mit diesem Schl\u00fcssel k\u00f6nnen sie die Haupteingangst\u00fcr und die Seiteneingangst\u00fcren \u00f6ffnen. Ab 13.00 haben wir keine besetzt Rezeption mehr. Unser Bed &amp; &#8230; <a title=\"FAQs\" class=\"read-more\" href=\"https:\/\/hotel-koenigshof.eu\/en\/faqs\/\" aria-label=\"Read more about FAQs\">Weiterlesen &#8230;<\/a><\/p>","protected":false},"author":2,"featured_media":0,"parent":0,"menu_order":0,"comment_status":"closed","ping_status":"closed","template":"","meta":{"slim_seo":{"description":"Lesen Sie in unseren h\u00e4ufig gestellten Fragen! Finden Sie hier schnell und einfach die Antworten auf wichtige Fragen.","title":"FAQs - Hotel K\u00f6nigshof"},"footnotes":""},"class_list":["post-368","page","type-page","status-publish"],"_links":{"self":[{"href":"https:\/\/hotel-koenigshof.eu\/en\/wp-json\/wp\/v2\/pages\/368","targetHints":{"allow":["GET"]}}],"collection":[{"href":"https:\/\/hotel-koenigshof.eu\/en\/wp-json\/wp\/v2\/pages"}],"about":[{"href":"https:\/\/hotel-koenigshof.eu\/en\/wp-json\/wp\/v2\/types\/page"}],"author":[{"embeddable":true,"href":"https:\/\/hotel-koenigshof.eu\/en\/wp-json\/wp\/v2\/users\/2"}],"replies":[{"embeddable":true,"href":"https:\/\/hotel-koenigshof.eu\/en\/wp-json\/wp\/v2\/comments?post=368"}],"version-history":[{"count":3,"href":"https:\/\/hotel-koenigshof.eu\/en\/wp-json\/wp\/v2\/pages\/368\/revisions"}],"predecessor-version":[{"id":2361,"href":"https:\/\/hotel-koenigshof.eu\/en\/wp-json\/wp\/v2\/pages\/368\/revisions\/2361"}],"wp:attachment":[{"href":"https:\/\/hotel-koenigshof.eu\/en\/wp-json\/wp\/v2\/media?parent=368"}],"curies":[{"name":"wp","href":"https:\/\/api.w.org\/{rel}","templated":true}]}}