{"id":259,"date":"2022-01-12T14:54:55","date_gmt":"2022-01-12T13:54:55","guid":{"rendered":"http:\/\/dev.hotel-koenigshof.eu\/?page_id=259"},"modified":"2025-07-22T12:25:05","modified_gmt":"2025-07-22T10:25:05","slug":"service","status":"publish","type":"page","link":"https:\/\/hotel-koenigshof.eu\/en\/service\/","title":{"rendered":"Service"},"content":{"rendered":"<h1>\n\t\tOur breakfast\n\t<\/h1>\n\t<p>In our experience, a great breakfast makes for a great day. After a restful night in our comfortable beds, the best way to start a successful day is with our breakfast. Let yourself be pampered. Bed &amp; Breakfast lives up to its name with us.<\/p>\n<h2>\n\t\tEin Fr\u00fchst\u00fcck, bei dem Preis &#038; Leistung stimmen.\n\t<\/h2>\n<h3>\n\t\tOur hotel box\n\t<\/h3>\n\t<p>Our hotel box is our best service employee. It is available to you around the clock and offers everything you need, both normal and unusual, at any time: from a sweet treat to a well-deserved beer after work to a forgotten toothbrush.<\/p>\n\t<p>Der Schl\u00fcsselkasten verschafft Ihnen einen <strong>problemfreien Zugang<\/strong>: Unabh\u00e4ngigkeit und die Sicherheit, wann immer Sie ankommen, einen Zugang zu haben. Mit Ihrer Best\u00e4tigung erhalten Sie per Email Ihren pers\u00f6nlichen Zugangscode. So sind Sie nicht nur jederzeit willkommen, sondern kommen auch jederzeit hinein ins Bed &amp; Breakfast.<\/p>\n<p><a href=\"https:\/\/hotel-koenigshof.eu\/en\/faqs\/\">Read more in the FAQs<\/a><\/p>\n<h3>\n\t\tSchl\u00fcsselkasten\n\t<\/h3>\n<h3>\n\t\tParking spot\n\t<\/h3>\n\t<p>Did you arrive with your car? Then simply place it on our guest parking lot right next to the hotel. That way, distances are short for you. The parking lot is a service we offer our guests that's worth its weight in gold because of the central location of our hotel in downtown K\u00f6nigstein.<\/p>\n<p><a href=\"https:\/\/hotel-koenigshof.eu\/en\/faqs\/\">Read more in the FAQs<\/a><\/p>\n\t<p>High-speed wireless Internet is a matter of course for us. With your personal network access in our hotel, you can not only do all your necessary work directly and easily, but also you can also keep your loved ones at home up to date about the good time you're having in K\u00f6nigstein, or you can plan your next enjoyable day in the Taunus.<\/p>\n<p><a href=\"https:\/\/hotel-koenigshof.eu\/en\/faqs\/\">Read more in the FAQs<\/a><\/p>\n<h3>\n\t\tHighspeed Internet\n\t<\/h3>","protected":false},"excerpt":{"rendered":"<p>Unser Fr\u00fchst\u00fcck Wir haben die Erfahrung gemacht: ein tolles Fr\u00fchst\u00fcck sorgt f\u00fcr einen tollen Tag. Nach einer erholsamen Nacht in unseren bequemen Betten starten Sie am besten mit unserem Fr\u00fchst\u00fcck in einen erfolgreichen Tag. Lassen Sie sich verw\u00f6hnen. Bed &amp; Breakfast macht seinem Namen bei uns alle Ehre. Ein Fr\u00fchst\u00fcck, bei dem Preis &#038; Leistung &#8230; <a title=\"Service\" class=\"read-more\" href=\"https:\/\/hotel-koenigshof.eu\/en\/service\/\" aria-label=\"Read more about Service\">Weiterlesen &#8230;<\/a><\/p>","protected":false},"author":2,"featured_media":0,"parent":0,"menu_order":0,"comment_status":"closed","ping_status":"closed","template":"","meta":{"slim_seo":{"description":"Entdecken Sie unseren Standard f\u00fcr Service. Fr\u00fchst\u00fcck, Hotel Box, Schl\u00fcssel-Box und ein kostenfreier Parkplatz.","title":"Service - Hotel K\u00f6nigshof"},"footnotes":""},"class_list":["post-259","page","type-page","status-publish"],"_links":{"self":[{"href":"https:\/\/hotel-koenigshof.eu\/en\/wp-json\/wp\/v2\/pages\/259","targetHints":{"allow":["GET"]}}],"collection":[{"href":"https:\/\/hotel-koenigshof.eu\/en\/wp-json\/wp\/v2\/pages"}],"about":[{"href":"https:\/\/hotel-koenigshof.eu\/en\/wp-json\/wp\/v2\/types\/page"}],"author":[{"embeddable":true,"href":"https:\/\/hotel-koenigshof.eu\/en\/wp-json\/wp\/v2\/users\/2"}],"replies":[{"embeddable":true,"href":"https:\/\/hotel-koenigshof.eu\/en\/wp-json\/wp\/v2\/comments?post=259"}],"version-history":[{"count":6,"href":"https:\/\/hotel-koenigshof.eu\/en\/wp-json\/wp\/v2\/pages\/259\/revisions"}],"predecessor-version":[{"id":2350,"href":"https:\/\/hotel-koenigshof.eu\/en\/wp-json\/wp\/v2\/pages\/259\/revisions\/2350"}],"wp:attachment":[{"href":"https:\/\/hotel-koenigshof.eu\/en\/wp-json\/wp\/v2\/media?parent=259"}],"curies":[{"name":"wp","href":"https:\/\/api.w.org\/{rel}","templated":true}]}}