{"id":2557,"date":"2025-07-22T12:24:19","date_gmt":"2025-07-22T10:24:19","guid":{"rendered":"https:\/\/hotel-koenigshof.eu\/?page_id=2557"},"modified":"2025-07-29T16:00:01","modified_gmt":"2025-07-29T14:00:01","slug":"gaesteinfos","status":"publish","type":"page","link":"https:\/\/hotel-koenigshof.eu\/en\/gaesteinfos\/","title":{"rendered":"G\u00e4steinformationen"},"content":{"rendered":"<h1>\n\t\tAll you need for your stay\n\t<\/h1>\n\t<p>This is where you get all the information you need for your stay at the Hotel K\u00f6nigshof and in K\u00f6nigstein im Taunus. We're not only filling you in on the hotel and your room, but also the finest dining establishments in our town.<\/p>\n\t\t\t<a href=\"https:\/\/hotel-koenigshof.eu\/wp-content\/uploads\/2025\/07\/hotel-information.pdf\" target=\"_blank\" rel=\"noopener\">\n\t\t\t\t\t\tAbout the hotel\n\t\t\t\t\t<\/a>\n\t\t\t<a href=\"https:\/\/hotel-koenigshof.eu\/wp-content\/uploads\/2025\/07\/check-in-anleitung-instruction.pdf\" target=\"_blank\" rel=\"noopener\">\n\t\t\t\t\t\tCheck-In Instructions\n\t\t\t\t\t<\/a>\n\t\t\t<a href=\"https:\/\/hotel-koenigshof.eu\/wp-content\/uploads\/2025\/07\/gastronomie-empfehlungen-2025.pdf\" target=\"_blank\" rel=\"noopener\">\n\t\t\t\t\t\tRestaurants in K\u00f6nigstein\n\t\t\t\t\t<\/a>\n<h2>\n\t\tWhat you need to know about checking in!\n\t<\/h2>\n\t<p><strong>Where can I find the key box code?<\/strong><\/p>\n<ol>\n<li>Reservation confirmation<\/li>\n<li>booking.com chat<\/li>\n<li>WhatsApp<\/li>\n<\/ol>\n<p><strong>And where's my room number?<\/strong><\/p>\n<ul>\n<li>It's on the pendant of your key<\/li>\n<\/ul>\n\t<p><strong>What does the room key open?<\/strong><\/p>\n<ol>\n<li>The door to your room<\/li>\n<li>The main entrance<\/li>\n<li>Side entrance (at the long-term parking lot on the left of the hotel)<\/li>\n<\/ol>\n<p><a href=\"https:\/\/hotel-koenigshof.eu\/wp-content\/uploads\/2025\/07\/check-in-anleitung-instruction.pdf\">PDF download<\/a><\/p>\n<h2>\n\t\tThis is how you park at our hotel!\n\t<\/h2>\n\t\t\t\t<a href=\"https:\/\/hotel-koenigshof.eu\/wp-content\/uploads\/2025\/07\/hotel-koenigshof-parkplatz.jpg\"  target=\"_self\" itemprop=\"url\">\n\t\t\t\t<img loading=\"lazy\" decoding=\"async\" src=\"https:\/\/hotel-koenigshof.eu\/wp-content\/uploads\/2025\/07\/hotel-koenigshof-parkplatz.jpg\" alt=\"Hotel Koenigshof Parkplatz\" itemprop=\"image\" height=\"1024\" width=\"1536\" title=\"hotel-koenigshof-parkplatz\" onerror=\"this.style.display='none'\"  \/>\n\t\t\t\t<\/a>","protected":false},"excerpt":{"rendered":"<p>Alles f\u00fcr Ihren Aufenthalt Holen Sie sich hier alle Infos ab, die Sie zu Ihrem Aufenthalt im Hotel K\u00f6nigshof und in K\u00f6nigstein im Taunus brauchen. Wir informieren Sie nicht nur \u00fcber das Hotel und Ihr Zimmer, sondern auch \u00fcber die beste Gastronomie in der Kurstadt. Infos zum Hotel Anleitung Check-In Gastronomie in K\u00f6nigstein Das Wichtigste &#8230; <a title=\"G\u00e4steinformationen\" class=\"read-more\" href=\"https:\/\/hotel-koenigshof.eu\/en\/gaesteinfos\/\" aria-label=\"Read more about G\u00e4steinformationen\">Weiterlesen &#8230;<\/a><\/p>","protected":false},"author":2,"featured_media":0,"parent":0,"menu_order":0,"comment_status":"closed","ping_status":"closed","template":"","meta":{"slim_seo":{"description":"Was Sie zu Ihrem Aufenthalt im Hotel K\u00f6nigshof und K\u00f6nigstein wissen m\u00fcssen: Infos zu Hotel, Check-In und Zugang zum Zimmer, Gastronomie in der Stadt.","title":"G\u00e4steinformationen - Hotel K\u00f6nigshof"},"footnotes":""},"class_list":["post-2557","page","type-page","status-publish"],"_links":{"self":[{"href":"https:\/\/hotel-koenigshof.eu\/en\/wp-json\/wp\/v2\/pages\/2557","targetHints":{"allow":["GET"]}}],"collection":[{"href":"https:\/\/hotel-koenigshof.eu\/en\/wp-json\/wp\/v2\/pages"}],"about":[{"href":"https:\/\/hotel-koenigshof.eu\/en\/wp-json\/wp\/v2\/types\/page"}],"author":[{"embeddable":true,"href":"https:\/\/hotel-koenigshof.eu\/en\/wp-json\/wp\/v2\/users\/2"}],"replies":[{"embeddable":true,"href":"https:\/\/hotel-koenigshof.eu\/en\/wp-json\/wp\/v2\/comments?post=2557"}],"version-history":[{"count":10,"href":"https:\/\/hotel-koenigshof.eu\/en\/wp-json\/wp\/v2\/pages\/2557\/revisions"}],"predecessor-version":[{"id":2580,"href":"https:\/\/hotel-koenigshof.eu\/en\/wp-json\/wp\/v2\/pages\/2557\/revisions\/2580"}],"wp:attachment":[{"href":"https:\/\/hotel-koenigshof.eu\/en\/wp-json\/wp\/v2\/media?parent=2557"}],"curies":[{"name":"wp","href":"https:\/\/api.w.org\/{rel}","templated":true}]}}