{"id":2417,"date":"2025-06-27T14:26:14","date_gmt":"2025-06-27T12:26:14","guid":{"rendered":"https:\/\/hotel-koenigshof.eu\/?page_id=2417"},"modified":"2025-07-02T11:26:47","modified_gmt":"2025-07-02T09:26:47","slug":"impressum","status":"publish","type":"page","link":"https:\/\/hotel-koenigshof.eu\/en\/impressum\/","title":{"rendered":"Imprint"},"content":{"rendered":"<p><a href=\"#imp_de\">Deutsch<\/a> \/ <a href=\"#imp_eng\">Englisch<\/a><\/p>\n\t<h1>Imprint<\/h1>\n<h2>Angaben gem\u00e4\u00df \u00a7 5 TMG<\/h2>\n&#8222;Hotel Betriebs- Gesellschaft mit beschr\u00e4nkter Haftung K\u00f6nigstein&#8220;<br \/>\nWiesbadener Str. 30<br \/>\n61462 K\u00f6nigstein im Taunus\nHandelsregister: HRB 2395<br \/>\nRegistergericht: Amtsgericht K\u00f6nigstein\n<strong>Vertreten durch:<\/strong><br \/>\nAnnegret Rudolph<br \/>\nFelix Rudolph\n<h2>Contact<\/h2>\nTelefon: +49 6174 2907 0<br \/>\nTelefax: +49 6174 2907 52<br \/>\nE-Mail: info@hotel-koenigshof.eu\n<h2>Umsatzsteuer-ID<\/h2>\nUmsatzsteuer-Identifikationsnummer gem\u00e4\u00df \u00a7 27 a Umsatzsteuergesetz:<br \/>\nDE114166187\n<h2>EU-Streitschlichtung<\/h2>\n<p>Die Europ\u00e4ische Kommission stellt eine Plattform zur Online-Streitbeilegung (OS) bereit: <a href=\"https:\/\/ec.europa.eu\/consumers\/odr\/\" target=\"_blank\" rel=\"noopener noreferrer\">https:\/\/ec.europa.eu\/consumers\/odr\/<\/a>.<br \/> Unsere E-Mail-Adresse finden Sie oben im Impressum.<\/p>\n<h2>Verbraucher\u00adstreit\u00adbeilegung\/Universal\u00adschlichtungs\u00adstelle<\/h2>\n<p>Wir sind nicht bereit oder verpflichtet, an Streitbeilegungsverfahren vor einer Verbraucherschlichtungsstelle teilzunehmen.<\/p>\n\t<h1>Site Notice<\/h1>\n<h2>Information pursuant to Sect. 5 German Telemedia Act (TMG)<\/h2>\n&#8222;Hotel Betriebs- Gesellschaft mit beschr\u00e4nkter Haftung K\u00f6nigstein&#8220;<br \/>\nWiesbadener Str. 30<br \/>\n61462 K\u00f6nigstein im Taunus\nCommercial Register: 2395<br \/>\nRegistration court: Amtsgericht K\u00f6nigstein\n<strong>Represented by:<\/strong><br \/>\nAnnegret Rudolph<br \/>\nFelix Rudolph\n<h2>Contact<\/h2>\nPhone: +49 6174 2907 0<br \/>\nTelefax: +49 6174 2907 52<br \/>\nE-mail: info@hotel-koenigshof.eu\n<h2>VAT ID<\/h2>\nSales tax identification number according to Sect. 27 a of the Sales Tax Law:<br \/>\nDE114166187\n<h2>EU dispute resolution<\/h2>\n<p>The European Commission provides a platform for online dispute resolution (ODR): <a href=\"https:\/\/ec.europa.eu\/consumers\/odr\/\" target=\"_blank\" rel=\"noopener noreferrer\">https:\/\/ec.europa.eu\/consumers\/odr\/<\/a>.<br \/> Our e-mail address can be found above in the site notice.<\/p>\n<h2>Dispute resolution proceedings in front of a consumer arbitration board<\/h2>\n<p>We are not willing or obliged to participate in dispute resolution proceedings in front of a consumer arbitration board.<\/p>\n<h4>\n\t\tFotonachweise\n\t<\/h4>\n\t<p><a href=\"http:\/\/www.jotschwager.de\/\" target=\"_blank\" rel=\"noopener\">Julia Schwager<\/a>; <a href=\"https:\/\/cambium.digital\" target=\"_blank\" rel=\"noopener\">cambium.digital<\/a>; <a href=\"https:\/\/taunushelden.de\" target=\"_blank\" rel=\"noopener\">taunushelden.de<\/a><\/p>","protected":false},"excerpt":{"rendered":"<p>Deutsch \/ Englisch Impressum Angaben gem\u00e4\u00df \u00a7 5 TMG &#8222;Hotel Betriebs- Gesellschaft mit beschr\u00e4nkter Haftung K\u00f6nigstein&#8220; Wiesbadener Str. 30 61462 K\u00f6nigstein im Taunus Handelsregister: HRB 2395 Registergericht: Amtsgericht K\u00f6nigstein Vertreten durch: Annegret Rudolph Felix Rudolph Kontakt Telefon: +49 6174 2907 0 Telefax: +49 6174 2907 52 E-Mail: info@hotel-koenigshof.eu Umsatzsteuer-ID Umsatzsteuer-Identifikationsnummer gem\u00e4\u00df \u00a7 27 a Umsatzsteuergesetz: &#8230; <a title=\"Imprint\" class=\"read-more\" href=\"https:\/\/hotel-koenigshof.eu\/en\/impressum\/\" aria-label=\"Read more about Impressum\">Weiterlesen &#8230;<\/a><\/p>","protected":false},"author":2,"featured_media":0,"parent":0,"menu_order":0,"comment_status":"closed","ping_status":"closed","template":"","meta":{"slim_seo":{"title":"Impressum - Hotel K\u00f6nigshof","description":"Deutsch \/ Englisch Impressum Angaben gem\u00e4\u00df \u00a7 5 TMG \"Hotel Betriebs- Gesellschaft mit beschr\u00e4nkter Haftung K\u00f6nigstein\" Wiesbadener Str. 30 61462 K\u00f6nigstein im Ta"},"footnotes":""},"class_list":["post-2417","page","type-page","status-publish"],"_links":{"self":[{"href":"https:\/\/hotel-koenigshof.eu\/en\/wp-json\/wp\/v2\/pages\/2417","targetHints":{"allow":["GET"]}}],"collection":[{"href":"https:\/\/hotel-koenigshof.eu\/en\/wp-json\/wp\/v2\/pages"}],"about":[{"href":"https:\/\/hotel-koenigshof.eu\/en\/wp-json\/wp\/v2\/types\/page"}],"author":[{"embeddable":true,"href":"https:\/\/hotel-koenigshof.eu\/en\/wp-json\/wp\/v2\/users\/2"}],"replies":[{"embeddable":true,"href":"https:\/\/hotel-koenigshof.eu\/en\/wp-json\/wp\/v2\/comments?post=2417"}],"version-history":[{"count":2,"href":"https:\/\/hotel-koenigshof.eu\/en\/wp-json\/wp\/v2\/pages\/2417\/revisions"}],"predecessor-version":[{"id":2422,"href":"https:\/\/hotel-koenigshof.eu\/en\/wp-json\/wp\/v2\/pages\/2417\/revisions\/2422"}],"wp:attachment":[{"href":"https:\/\/hotel-koenigshof.eu\/en\/wp-json\/wp\/v2\/media?parent=2417"}],"curies":[{"name":"wp","href":"https:\/\/api.w.org\/{rel}","templated":true}]}}