{"id":1895,"date":"2025-02-27T17:33:49","date_gmt":"2025-02-27T16:33:49","guid":{"rendered":"https:\/\/hotel-koenigshof.eu\/?page_id=1895"},"modified":"2025-06-19T15:40:38","modified_gmt":"2025-06-19T13:40:38","slug":"galerien","status":"publish","type":"page","link":"https:\/\/hotel-koenigshof.eu\/en\/galerien\/","title":{"rendered":"Galleries"},"content":{"rendered":"<h1>\n\t\tGalleries\n\t<\/h1>\n\t<p>Discover the premises and vibes at the Hotel K\u00f6nigshof in K\u00f6nigstein im Taunus: These galleries showcase the interiors and ambiance of our hotel and get you in the mood for your stay in our establishment.<\/p>\n\t\t\t\t<img loading=\"lazy\" decoding=\"async\" src=\"https:\/\/hotel-koenigshof.eu\/wp-content\/uploads\/2025\/02\/2025-02_Hotel-Koenigshof_ID-9002.jpg\" alt=\"2025 02 Hotel Koenigshof Id 9002\" itemprop=\"image\" height=\"1080\" width=\"1620\" title=\"2025-02_Hotel-Koenigshof_ID-9002\" onerror=\"this.style.display='none'\"  \/>\n<h2>\n\t\tLobby and evening time\n\t<\/h2>\n<h2>\n\t\tThe tea bar\n\t<\/h2>\n<h2>\n\t\tFr\u00fchst\u00fcck im K\u00f6nigshof Bed &#038; Breakfast\n\t<\/h2>","protected":false},"excerpt":{"rendered":"<p>Galerien Erleben Sie die R\u00e4umlichkeiten und Vibes des Hotels K\u00f6nigshof in K\u00f6nigstein im Taunus: Diese Galerien zeigen Int\u00e9rieurs und Ambiente unseres Hotels und stimmen Sie auf Ihren Aufenthalt in unserem Hause ein. Lobby und Feierabend-Zeit Teek\u00fcche Fr\u00fchst\u00fcck im K\u00f6nigshof Bed &#038; Breakfast<\/p>","protected":false},"author":2,"featured_media":0,"parent":0,"menu_order":0,"comment_status":"closed","ping_status":"closed","template":"","meta":{"slim_seo":{"description":"R\u00e4umlichkeiten und Vibes des Hotels K\u00f6nigshof in K\u00f6nigstein im Taunus: Diese Galerien stimmen Sie auf Ihren Aufenthalt in unserem Hause ein.","title":"Galerien - Hotel K\u00f6nigshof"},"footnotes":""},"class_list":["post-1895","page","type-page","status-publish"],"_links":{"self":[{"href":"https:\/\/hotel-koenigshof.eu\/en\/wp-json\/wp\/v2\/pages\/1895","targetHints":{"allow":["GET"]}}],"collection":[{"href":"https:\/\/hotel-koenigshof.eu\/en\/wp-json\/wp\/v2\/pages"}],"about":[{"href":"https:\/\/hotel-koenigshof.eu\/en\/wp-json\/wp\/v2\/types\/page"}],"author":[{"embeddable":true,"href":"https:\/\/hotel-koenigshof.eu\/en\/wp-json\/wp\/v2\/users\/2"}],"replies":[{"embeddable":true,"href":"https:\/\/hotel-koenigshof.eu\/en\/wp-json\/wp\/v2\/comments?post=1895"}],"version-history":[{"count":4,"href":"https:\/\/hotel-koenigshof.eu\/en\/wp-json\/wp\/v2\/pages\/1895\/revisions"}],"predecessor-version":[{"id":2360,"href":"https:\/\/hotel-koenigshof.eu\/en\/wp-json\/wp\/v2\/pages\/1895\/revisions\/2360"}],"wp:attachment":[{"href":"https:\/\/hotel-koenigshof.eu\/en\/wp-json\/wp\/v2\/media?parent=1895"}],"curies":[{"name":"wp","href":"https:\/\/api.w.org\/{rel}","templated":true}]}}