{"id":401,"date":"2022-01-28T09:38:12","date_gmt":"2022-01-28T08:38:12","guid":{"rendered":"http:\/\/dev.hotel-koenigshof.eu\/?page_id=401"},"modified":"2025-07-09T10:59:02","modified_gmt":"2025-07-09T08:59:02","slug":"barrierefreiheit","status":"publish","type":"page","link":"https:\/\/hotel-koenigshof.eu\/de_de\/barrierefreiheit\/","title":{"rendered":"Barrierefreiheit"},"content":{"rendered":"\n<h1>\n\t\tInformationen zur Barrierefreiheit\n\t<\/h1>\n\t<h2>Betreffende Website\/Landingpage<\/h2>\n<p><a href=\"https:\/\/hotel-koenigshof.eu\/de_de\/\">https:\/\/hotel-koenigshof.eu\/<\/a><\/p>\n<h3>Allgemeine Beschreibung der Dienstleistung<\/h3>\n<p>Hotel-Website inkl. Features zur Buchung und Kontaktaufnahme. Unsere Website beschreibt unser Angebot wie Zimmer und Serviceleistungen (z.B. Fr\u00fchst\u00fcck, Hotelbox, Internetzugang) sowie die Umgebung und zeigt mit Fotogalerien unsere Ausstattung und unser Ambiente.<\/p>\n<h3>Nutzung der Dienstleistung<\/h3>\n<p>Sie k\u00f6nnen unsere Website \u00fcber das Hauptmen\u00fc navigieren und auch kontextbezogen aus den Inhalten per Querverlinkungen zu anderen relevanten Bereichen der Website gelangen.<\/p>\n<p>Sie k\u00f6nnen sich so \u00fcber unser Angebot informieren, Zimmer buchen und\/oder mit uns Kontakt aufnehmen.<\/p>\n<p>Es gibt auf dieser Website keinen Log-In-Bereich.<\/p>\n<h2>Erl\u00e4uterungen zur Barrierefreiheit<\/h2>\n<p>Die hier enthaltenen Informationen zur Barrierefreiheit beziehen sich auf unseren Webauftritt unter https:\/\/hotel-koenigshof.eu. Die Information zur Barrierefreiheit f\u00fcr unsere Buchungssoftware DIRS21 liegen aktuell noch nicht vor, Sie k\u00f6nnen jedoch auf deren Website mehr \u00fcber das Buchungstool erfahren: <a href=\"https:\/\/www.dirs21.de\" target=\"_blank\" rel=\"noopener\">https:\/\/www.dirs21.de<\/a>.<\/p>\n<p>Die Anforderungen an die Barrierefreiheit ergeben sich f\u00fcr uns aus dem Barrierefreiheitsst\u00e4rkungsgesetz (BFSG) und der Verordnung zum Barrierefreiheitsst\u00e4rkungsgesetz (BFSGV), abgeleitet aus dem European Accessibility Act (EAA). Diese Gesetze und Verordnungen verweisen auf die Harmonisierte Europ\u00e4ische Norm (EN) 301 549, Version 3.2.1, angelehnt an die Web Content Accessibility Guidelines (WCAG), Version 2.1, Stufen A und AA.<\/p>\n<h3>Aktueller Standard der Website<\/h3>\n<p><em>WCAG 2.1 Level AA<\/em><\/p>\n<p>Unsere Website erf\u00fcllt die wesentlichen Vorgaben der WCAG 2.2 (Konformit\u00e4tsstufe AA) und die in der BFSG-Verordnung formulierten technischen Anforderungen.<\/p>\n<ul>\n<li><strong>Visuelle Alternativen:<\/strong> Alle Inhalte sind ohne Farbunterscheidung zug\u00e4nglich und es gibt Textalternativen f\u00fcr Nutzer mit eingeschr\u00e4nktem Sehverm\u00f6gen.<\/li>\n<li><strong>Auditive Alternativen:<\/strong> Unsere Funktionen erfordern kein H\u00f6rverm\u00f6gen.<\/li>\n<li><strong>Manuelle Interaktionsm\u00f6glichkeiten:<\/strong> Unsere digitalen Inhalte sind ohne feinmotorische Steuerung und ohne erhebliche Handmuskelkraft nutzbar.<\/li>\n<li><strong>Schutz vor visuellen Reizen:<\/strong> Wir vermeiden visuelle Stimulationen, die fotosensitive Anf\u00e4lle ausl\u00f6sen k\u00f6nnten.<\/li>\n<li><strong>Unterst\u00fctzung bei kognitiven Einschr\u00e4nkungen:<\/strong> Wir stellen sicher, dass Funktionen zur Unterst\u00fctzung kognitiver Einschr\u00e4nkungen angeboten werden, um die Nutzung so einfach wie m\u00f6glich zu gestalten.<\/li>\n<li><strong>Privatsph\u00e4re<\/strong> beim Einsatz von Barrierefreiheitsfunktionen: Alle eingesetzten Barrierefreiheitsfunktionen gew\u00e4hrleisten die Privatsph\u00e4re unserer Nutzer.<\/li>\n<li>Durch <strong>regelm\u00e4\u00dfige \u00dcberpr\u00fcfungen<\/strong> und Anpassungen stellen wir sicher, dass unsere digitalen Angebote den gesetzlichen Anforderungen entsprechen und kontinuierlich verbessert werden, um eine hohe Zug\u00e4nglichkeit und Sicherheit f\u00fcr alle Nutzer zu gew\u00e4hrleisten.<\/li>\n<\/ul>\n<h3>Technologie, Robustheit und Sicherheit<\/h3>\n<p>Diese Website ist so konzipiert, dass sie mit den folgenden Browsern kompatibel ist: Google Chrome und andere Chromium-basierte Browser (Edge, Opera, Vivaldi, Brave&#8230;), Firefox und Safari in aktuellen Versionen.<\/p>\n<p>Unsere Website ist mit semantisch korrektem HTML umgesetzt. Vereinzelt unterst\u00fctzen ARIA-Rollen die Verst\u00e4ndlichkeit f\u00fcr Screenreader.<\/p>\n<p>Zus\u00e4tzlich setzen wir die Technologien CSS, JavaScript und das Content Management System WordPress (basierend auf PHP) f\u00fcr die Funktion und die Gestaltung der Website ein.<\/p>\n<p>Alle eingesetzten Barrierefreiheitsfunktionen (z. B. Anpassungen f\u00fcr Screenreader, Nutzung von Zoom-Funktionen) haben keinen Einfluss auf Ihre Privatsph\u00e4re (es werden keine zus\u00e4tzlichen personenbezogenen Daten erhoben).<\/p>\n<h3>Nicht barrierefreie Inhalte<\/h3>\n<p>Auf unserer Startseite ist direkt im Einstieg das Buchungstool <a href=\"https:\/\/www.dirs21.de\/\" target=\"_blank\" rel=\"noopener\">DIRS21<\/a> eingebettet. Es ist derzeit aus unserer Website heraus nicht unmittelbar per Tastatur bedienbar. Wir haben den Hersteller informiert.<\/p>\n<h3>Bewertungsmethoden<\/h3>\n<p>Die Website wurde mit Hilfe der folgenden Methoden bewertet:<\/p>\n<ul>\n<li>Wave Web Accessibility Evaluation Tool<\/li>\n<li>Google PageSpeed Insights<\/li>\n<li>Manuelles Testing der Seiten in Chrome und Firefox<\/li>\n<\/ul>\n<h3>Datum der Erstellung der Erkl\u00e4rung zur Barrierefreiheit<\/h3>\n<p>Diese Erkl\u00e4rung wurde am 26.06.2025 erstellt und zuletzt am 02.07.2025 \u00fcberpr\u00fcft und aktualisiert.<\/p>\n<h2>Feedback und Anfragen zur digitalen Barrierefreiheit<\/h2>\n<p>Sie m\u00f6chten uns noch bestehende Barrieren mitteilen oder nicht barrierefreie Inhalte in einem barrierefreien Format anfordern? Sprechen Sie unsere verantwortlichen Kontaktpersonen an:<\/p>\nAnsprechperson Barrierefreiheit:<br \/>\nFelix Rudolf<br \/>\nTel. 06174 29070<br \/>\n<a href=\"mailto:info@hotel-koenigshof.eu\">info@hotel-koenigshof.eu<\/a>\n<h2>Durchsetzungsverfahren<\/h2>\n<p>Wenn auch nach Ihrem Feedback an den oben genannten Kontakt keine zufriedenstellende L\u00f6sung gefunden wurde, k\u00f6nnen Sie die Durchsetzungs- und \u00dcberwachungsstelle Barrierefreie Informationstechnik einschalten.<\/p>\n<p>Sie haben nach Ablauf einer Frist von sechs Wochen das Recht, sich direkt an die Durchsetzungs- und \u00dcberwachungsstelle zu wenden.<\/p>\n<p>Unter Einbeziehung aller Beteiligten versucht die Durchsetzungsstelle, die Umst\u00e4nde der fehlenden Barrierefreiheit zu ermitteln, damit diese vom Inhaber\/Betreiber der Website behoben werden k\u00f6nnen.<\/p>\n\n","protected":false},"excerpt":{"rendered":"<p>Informationen zur Barrierefreiheit Betreffende Website\/Landingpage https:\/\/hotel-koenigshof.eu\/ Allgemeine Beschreibung der Dienstleistung Hotel-Website inkl. Features zur Buchung und Kontaktaufnahme. Unsere Website beschreibt unser Angebot wie Zimmer und Serviceleistungen (z.B. Fr\u00fchst\u00fcck, Hotelbox, Internetzugang) sowie die Umgebung und zeigt mit Fotogalerien unsere Ausstattung und unser Ambiente. Nutzung der Dienstleistung Sie k\u00f6nnen unsere Website \u00fcber das Hauptmen\u00fc navigieren und auch &#8230; <a title=\"Barrierefreiheit\" class=\"read-more\" href=\"https:\/\/hotel-koenigshof.eu\/de_de\/barrierefreiheit\/\" aria-label=\"Mehr Informationen \u00fcber Barrierefreiheit\">Weiterlesen &#8230;<\/a><\/p>\n","protected":false},"author":2,"featured_media":0,"parent":0,"menu_order":0,"comment_status":"closed","ping_status":"closed","template":"","meta":{"slim_seo":{"title":"Barrierefreiheit - Hotel K\u00f6nigshof","description":"Informationen zur Barrierefreiheit Betreffende Website\/Landingpage https:\/\/hotel-koenigshof.eu\/ Allgemeine Beschreibung der Dienstleistung Hotel-Website inkl. F"},"footnotes":""},"class_list":["post-401","page","type-page","status-publish"],"_links":{"self":[{"href":"https:\/\/hotel-koenigshof.eu\/de_de\/wp-json\/wp\/v2\/pages\/401","targetHints":{"allow":["GET"]}}],"collection":[{"href":"https:\/\/hotel-koenigshof.eu\/de_de\/wp-json\/wp\/v2\/pages"}],"about":[{"href":"https:\/\/hotel-koenigshof.eu\/de_de\/wp-json\/wp\/v2\/types\/page"}],"author":[{"embeddable":true,"href":"https:\/\/hotel-koenigshof.eu\/de_de\/wp-json\/wp\/v2\/users\/2"}],"replies":[{"embeddable":true,"href":"https:\/\/hotel-koenigshof.eu\/de_de\/wp-json\/wp\/v2\/comments?post=401"}],"version-history":[{"count":8,"href":"https:\/\/hotel-koenigshof.eu\/de_de\/wp-json\/wp\/v2\/pages\/401\/revisions"}],"predecessor-version":[{"id":2474,"href":"https:\/\/hotel-koenigshof.eu\/de_de\/wp-json\/wp\/v2\/pages\/401\/revisions\/2474"}],"wp:attachment":[{"href":"https:\/\/hotel-koenigshof.eu\/de_de\/wp-json\/wp\/v2\/media?parent=401"}],"curies":[{"name":"wp","href":"https:\/\/api.w.org\/{rel}","templated":true}]}}