{"id":368,"date":"2022-01-26T15:13:32","date_gmt":"2022-01-26T14:13:32","guid":{"rendered":"http:\/\/dev.hotel-koenigshof.eu\/?page_id=368"},"modified":"2025-06-19T15:42:53","modified_gmt":"2025-06-19T13:42:53","slug":"faqs","status":"publish","type":"page","link":"https:\/\/hotel-koenigshof.eu\/de_de\/faqs\/","title":{"rendered":"FAQs"},"content":{"rendered":"\n<h1>\n\t\tH\u00e4ufig gestellte Fragen\n\t<\/h1>\n\t\t\t\t\t\t\t\t\t\t<h4 tabindex=\"0\">Wie geht der Check-in, wof\u00fcr ist der Schl\u00fcsselkasten Code?<\/h4>\n\t\t\t\t\t<p>F\u00fcr einen Check-in erhalten Sie eine Schl\u00fcsselkasten Codenummer von uns. Ihren Schl\u00fcssel erhalten Sie nach Eingabe der Codenummer aus dem Schl\u00fcsselkasten. <b>Mit <\/b>diesem <b>Schl\u00fcssel<\/b> k\u00f6nnen sie die <b>Haupteingangst\u00fcr<\/b> und die <b>Seiteneingangst\u00fcren \u00f6ffnen<\/b>.<\/p>\n<p><b>Ab 13.00 haben wir keine besetzt Rezeption mehr. Unser Bed &amp; Breakfast versteht sich als \u201eself-check-in Hotel&#8220;.<\/b><\/p>\n\t\t\t\t\t\t\t\t\t\t<h4 tabindex=\"0\">Sollte etwas sein, wie wird mir geholfen?<\/h4>\n\t\t\t\t\t<p>24\/7 sind wir \u00fcber unsere Telefone in den Zimmer, an der Rezeption oder an der Nachtklingel neben der Schl\u00fcssel Box zu erreichen!<\/p>\n\t\t\t\t\t\t\t\t\t\t<h4 tabindex=\"0\">Parkplatz?<\/h4>\n\t\t\t\t\t<p>Der Dauerparkplatz befindet sich links am\u00a0Bed &amp; Breakfast. Dieser ist kostenfrei.<\/p>\n<p>Kurzparken vor der Haupteingangst\u00fcr des K\u00f6nigshof Bed &amp; Breakfast.<\/p>\n\t\t\t\t\t\t\t\t\t\t<h4 tabindex=\"0\">Wann gibt es Fr\u00fchst\u00fcck?<\/h4>\n\t\t\t\t\t<p>Mo- Fr 07.00 &#8211; 10.00<br \/>Sa, So und Feiertagen 08.00 &#8211; 10.30<\/p>\n\t\t\t\t\t\t\t\t\t\t<h4 tabindex=\"0\">Check-in Zeit?<\/h4>\n\t\t\t\t\t<p>Fr\u00fchestens 14.00 Uhr. Sie k\u00f6nnen gerne Ihr Gep\u00e4ck schon fr\u00fcher bei uns abstellen, das Zimmer ist jedoch in der Regel erst ab 14.00 Uhr bezugsfertig.<\/p>\n\t\t\t\t\t\t\t\t\t\t<h4 tabindex=\"0\">Check-out Zeit?<\/h4>\n\t\t\t\t\t<p>11.00 Uhr<\/p>\n\t\t\t\t\t\t\t\t\t\t<h4 tabindex=\"0\">Wichtiger Hinweis: wir haben keinen Aufzug und keine Klimaanlage!<\/h4>\n\t\t\t\t\t\t\t\t\t\t<h4 tabindex=\"0\">Betriebsferien<\/h4>\n\t\t\t\t\t<p>Derzeit sind folgende Zeitr\u00e4ume f\u00fcr Betriebsferien geplant:<\/p>\n<p>03.06.2023 &#8211; 12.06.2023<br \/>23.12.2023 &#8211; 08.01.2024<\/p>\n<p>In dieser Zeit ist das Hotel geschlossen.<\/p>\n\t\t\t\t\t\t\t\t\t\t<h4 tabindex=\"0\">Eine Telefonnummer f\u00fcr ein Taxi in K\u00f6nigstein?<\/h4>\n\t\t\t\t\t<p>Taxi Akon: 0049 6174 203040<br \/>Taxi Zuber: 0049 6174 4444<\/p>\n\t\t\t\t\t\t\t\t\t\t<h4 tabindex=\"0\">Fahrradkeller?<\/h4>\n\t\t\t\t\t<p>Ein Fahrradkeller ist vorhanden. Der Eingang befindet sich am hinteren Ende des K\u00f6nigshof Bed &amp; Breakfast. Mit dem Zimmerschl\u00fcssel k\u00f6nnen Sie die T\u00fcr \u00f6ffnen und Ihre R\u00e4der sicher abstellen.<\/p>\n<p>Der Bereich ist video\u00fcberwacht.<\/p>\n\n","protected":false},"excerpt":{"rendered":"<p>H\u00e4ufig gestellte Fragen Wie geht der Check-in, wof\u00fcr ist der Schl\u00fcsselkasten Code? F\u00fcr einen Check-in erhalten Sie eine Schl\u00fcsselkasten Codenummer von uns. Ihren Schl\u00fcssel erhalten Sie nach Eingabe der Codenummer aus dem Schl\u00fcsselkasten. Mit diesem Schl\u00fcssel k\u00f6nnen sie die Haupteingangst\u00fcr und die Seiteneingangst\u00fcren \u00f6ffnen. Ab 13.00 haben wir keine besetzt Rezeption mehr. Unser Bed &amp; &#8230; <a title=\"FAQs\" class=\"read-more\" href=\"https:\/\/hotel-koenigshof.eu\/de_de\/faqs\/\" aria-label=\"Mehr Informationen \u00fcber FAQs\">Weiterlesen &#8230;<\/a><\/p>\n","protected":false},"author":2,"featured_media":0,"parent":0,"menu_order":0,"comment_status":"closed","ping_status":"closed","template":"","meta":{"slim_seo":{"description":"Lesen Sie in unseren h\u00e4ufig gestellten Fragen! Finden Sie hier schnell und einfach die Antworten auf wichtige Fragen.","title":"FAQs - Hotel K\u00f6nigshof"},"footnotes":""},"class_list":["post-368","page","type-page","status-publish"],"_links":{"self":[{"href":"https:\/\/hotel-koenigshof.eu\/de_de\/wp-json\/wp\/v2\/pages\/368","targetHints":{"allow":["GET"]}}],"collection":[{"href":"https:\/\/hotel-koenigshof.eu\/de_de\/wp-json\/wp\/v2\/pages"}],"about":[{"href":"https:\/\/hotel-koenigshof.eu\/de_de\/wp-json\/wp\/v2\/types\/page"}],"author":[{"embeddable":true,"href":"https:\/\/hotel-koenigshof.eu\/de_de\/wp-json\/wp\/v2\/users\/2"}],"replies":[{"embeddable":true,"href":"https:\/\/hotel-koenigshof.eu\/de_de\/wp-json\/wp\/v2\/comments?post=368"}],"version-history":[{"count":3,"href":"https:\/\/hotel-koenigshof.eu\/de_de\/wp-json\/wp\/v2\/pages\/368\/revisions"}],"predecessor-version":[{"id":2361,"href":"https:\/\/hotel-koenigshof.eu\/de_de\/wp-json\/wp\/v2\/pages\/368\/revisions\/2361"}],"wp:attachment":[{"href":"https:\/\/hotel-koenigshof.eu\/de_de\/wp-json\/wp\/v2\/media?parent=368"}],"curies":[{"name":"wp","href":"https:\/\/api.w.org\/{rel}","templated":true}]}}