{"id":331,"date":"2022-01-21T14:24:57","date_gmt":"2022-01-21T13:24:57","guid":{"rendered":"http:\/\/dev.hotel-koenigshof.eu\/?page_id=331"},"modified":"2025-06-19T15:25:57","modified_gmt":"2025-06-19T13:25:57","slug":"umgebung","status":"publish","type":"page","link":"https:\/\/hotel-koenigshof.eu\/de_de\/umgebung\/","title":{"rendered":"Umgebung"},"content":{"rendered":"\n<h1>\n\t\tRund um K\u00f6nigstein im Taunus\n\t<\/h1>\n<h2>\n\t\tDownhill und Trails\n\t<\/h2>\n\t<p>Der Taunus ist nicht nur das attraktive Mittelgebirge f\u00fcr Wanderer, sondern auch gerade f\u00fcr die anspruchsvollen Radfahrer. Wer Downhill und Trails sch\u00e4tzt, wird hier f\u00fcndig. Der Gro\u00dfe Feldberg liegt nur wenige Kilometer von K\u00f6nigstein entfernt. Hier finden anspruchsvolle Biker zwei Strecken die herausfordern und Spa\u00df machen. Auch im etwas weiter entfernten Wehrheim warten zwei echte Highlights darauf, von MTB-Kennern entdeckt zu werden. Und wer, vielleicht mit elektrischer Unterst\u00fctzung, Berge und H\u00fcgel im Taunus erobern m\u00f6chte, der kommt auf jeden Fall auch auf seine Kosten. Das K\u00f6nigshof Bed &amp; Breakfast in K\u00f6nigstein stellt in jedem Fall den idealen Startpunkt dar.<\/p>\n<p><a href=\"https:\/\/taunus.info\/angebote\/sport-und-outdoor\/mountainbiking\/\">Mountainbiking im Taunus<\/a> \/\u00a0<a href=\"https:\/\/www.koenigstein.de\/ksn\/K%C3%B6nigstein\/Kur%20&amp;%20Tourismus\/Radeltipps\/\">Fahrradtouren K\u00f6nigstein im Taunus<\/a><\/p>\n\t\t\t\t<a href=\"https:\/\/www.opel-zoo.de\/\"  target=\"_blank\" rel=\"noopener\"  itemprop=\"url\">\n\t\t\t\t<img decoding=\"async\" src=\"https:\/\/www.opel-zoo.de\/itool3\/frontend\/files\/0\/0\/0\/2881.jpg\" alt=\"Foto Opel Zoo\" itemprop=\"image\" title=\"2881.jpg\" onerror=\"this.style.display='none'\"  \/>\n\t\t\t\t<\/a>\n\t\tFoto Opel Zoo\n<h3>\n\t\tOpel zoo\n\t<\/h3>\n\t<p>Wundersch\u00f6n zwischen den beiden Taunusst\u00e4dten K\u00f6nigstein und Kronberg gelegen, mit einer atemberaubenden Aussicht aufs Rhein-Main-Gebiet und einer ambitionierten Auswahl an Tieren, von Elefanten, \u00fcber Geparde bis hin zu Pinguinen, geh\u00f6rt der Opelzoo zu den absoluten Highlights im Taunus. Ein gro\u00dfer Spa\u00df mit Kindern, ein herrlich entspannender Spaziergang zu zweit, dazu die M\u00f6glichkeit in einem wirklich erlesenen Restaurant mit Blick auf die Gehege zu speisen, der Opelzoo ist immer ein Besuch wert.<\/p>\n<p><a href=\"https:\/\/www.opel-zoo.de\/\" target=\"_blank\" rel=\"noopener\">Mehr erfahren<\/a><\/p>\n\t\t\t\t<a href=\"https:\/\/www.hessenpark.de\/\"  target=\"_blank\" rel=\"noopener\"  itemprop=\"url\">\n\t\t\t\t<img decoding=\"async\" src=\"https:\/\/www.hessenpark.de\/wp-content\/uploads\/Slider-Startseite_Marktplatz-1500x600.jpg\" alt=\"Foto Hessenpark\" itemprop=\"image\" title=\"Slider-Startseite_Marktplatz-1500x600.jpg\" onerror=\"this.style.display='none'\"  \/>\n\t\t\t\t<\/a>\n\t\tFoto Hessenpark\n<h3>\n\t\tFreilichtmuseum Hessenpark\n\t<\/h3>\n\t<p>M\u00f6chten Sie eine Zeitreise in die Vergangenheit erleben. Dann besuchen Sie das Freilichtmuseum Hessenpark. Auf diesem einzigartigen Areal finden Sie auf 65 Hektar ein ganzes Dorf aus den letzten vier Jahrhunderten. Liebevoll werden hier alte Traditionen lebendig gehalten. Erleben Sie hautnah, wie die Menschen im Taunus fr\u00fcher gelebt und gearbeitet haben. Nach einem spannenden Rundgang k\u00f6nnen Sie gem\u00fctlich in der Gastronomie am Marktplatz des Hessenparks einkehren oder auch in den h\u00fcbschen Gesch\u00e4ften bummeln.<\/p>\n<p><a href=\"https:\/\/www.hessenpark.de\/\" target=\"_blank\" rel=\"noopener\">Mehr erfahren<\/a><\/p>\n<h3>\n\t\tWandern\n\t<\/h3>\n\t\t\t\t<img loading=\"lazy\" decoding=\"async\" src=\"https:\/\/hotel-koenigshof.eu\/wp-content\/uploads\/2022\/01\/pexels-cottonbro-6317951-1024x683.jpg\" alt=\"Pexels Cottonbro 6317951\" itemprop=\"image\" height=\"683\" width=\"1024\" title=\"pexels-cottonbro-6317951\" onerror=\"this.style.display='none'\"  \/>\n\t<p>Das mit 21.000 Hektar gr\u00f6\u00dfte Waldgebiet im waldreichsten Bundesland l\u00e4dt Sie ein, es wandernd zu entdecken. K\u00f6nigstein ist dabei ein idealer Stand- und Startort. Der Taunus lockt mit tollen Aussichten, dichten W\u00e4ldern und wildromantischen T\u00e4lern. Dazu gibt es reichlich M\u00f6glichkeiten einzukehren und die Seele baumeln zu lassen. Themenbezogene Wanderwege laden ein, die R\u00f6merzeit zu erleben (Taunuslehrpfad am Limes) oder ins Mittelalter einzutauchen (3-Burgenweg von K\u00f6nigstein \u00fcber Falkenstein nach Kronberg).<\/p>\n<h3>\n\t\tRestaurants\n\t<\/h3>\n\t\t\t\t<img loading=\"lazy\" decoding=\"async\" src=\"https:\/\/hotel-koenigshof.eu\/wp-content\/uploads\/2022\/01\/pexels-pixabay-262978-1024x683.jpg\" alt=\"Pexels Pixabay 262978\" itemprop=\"image\" height=\"683\" width=\"1024\" title=\"pexels-pixabay-262978\" onerror=\"this.style.display='none'\"  \/>\n\t<p>Nach einem aktiven Tag im Taunus oder einem gem\u00fctlichen Tag in den Kureinrichtungen K\u00f6nigsteins oder der nachbarschaftlichen Kurst\u00e4dte ist es ein besonderer Genuss, die erlesene Gastronomie im Taunus zu besuchen. Kurz gesagt: Es gibt nichts, was es nicht gibt. In fu\u00dfl\u00e4ufiger Entfernung vom K\u00f6nigshof Bed &amp; Breakfast finden Sie ein breitgef\u00e4chertes internationales kulinarisches Angebot.<\/p>\n<p><a href=\"https:\/\/www.koenigstein.de\/ksn\/K\u00f6nigstein\/Kur%20&amp;%20Tourismus\/Gastgeber\/Caf\u00e9s%20&amp;%20Restaurants\/\" target=\"_blank\" rel=\"noopener\">Caf\u00e9s &amp; Restaurant<\/a> \/ <a href=\"https:\/\/taunus.info\/angebote\/essen-und-trinken\/\" target=\"_blank\" rel=\"noopener\">Essen &amp; Trinken<\/a><\/p>\n\n","protected":false},"excerpt":{"rendered":"<p>Rund um K\u00f6nigstein im Taunus Downhill und Trails Der Taunus ist nicht nur das attraktive Mittelgebirge f\u00fcr Wanderer, sondern auch gerade f\u00fcr die anspruchsvollen Radfahrer. Wer Downhill und Trails sch\u00e4tzt, wird hier f\u00fcndig. Der Gro\u00dfe Feldberg liegt nur wenige Kilometer von K\u00f6nigstein entfernt. Hier finden anspruchsvolle Biker zwei Strecken die herausfordern und Spa\u00df machen. Auch &#8230; <a title=\"Umgebung\" class=\"read-more\" href=\"https:\/\/hotel-koenigshof.eu\/de_de\/umgebung\/\" aria-label=\"Mehr Informationen \u00fcber Umgebung\">Weiterlesen &#8230;<\/a><\/p>\n","protected":false},"author":2,"featured_media":0,"parent":0,"menu_order":0,"comment_status":"closed","ping_status":"closed","template":"","meta":{"slim_seo":{"description":"Lernen Sie die spannende Umgebung rund um unser Hotel kennen! Egal ob Zoo oder Biking Trails \u2013 der Taunus wird Sie \u00fcberraschen!","title":"Umgebung - Hotel K\u00f6nigshof"},"footnotes":""},"class_list":["post-331","page","type-page","status-publish"],"_links":{"self":[{"href":"https:\/\/hotel-koenigshof.eu\/de_de\/wp-json\/wp\/v2\/pages\/331","targetHints":{"allow":["GET"]}}],"collection":[{"href":"https:\/\/hotel-koenigshof.eu\/de_de\/wp-json\/wp\/v2\/pages"}],"about":[{"href":"https:\/\/hotel-koenigshof.eu\/de_de\/wp-json\/wp\/v2\/types\/page"}],"author":[{"embeddable":true,"href":"https:\/\/hotel-koenigshof.eu\/de_de\/wp-json\/wp\/v2\/users\/2"}],"replies":[{"embeddable":true,"href":"https:\/\/hotel-koenigshof.eu\/de_de\/wp-json\/wp\/v2\/comments?post=331"}],"version-history":[{"count":1,"href":"https:\/\/hotel-koenigshof.eu\/de_de\/wp-json\/wp\/v2\/pages\/331\/revisions"}],"predecessor-version":[{"id":2351,"href":"https:\/\/hotel-koenigshof.eu\/de_de\/wp-json\/wp\/v2\/pages\/331\/revisions\/2351"}],"wp:attachment":[{"href":"https:\/\/hotel-koenigshof.eu\/de_de\/wp-json\/wp\/v2\/media?parent=331"}],"curies":[{"name":"wp","href":"https:\/\/api.w.org\/{rel}","templated":true}]}}