{"id":259,"date":"2022-01-12T14:54:55","date_gmt":"2022-01-12T13:54:55","guid":{"rendered":"http:\/\/dev.hotel-koenigshof.eu\/?page_id=259"},"modified":"2025-07-22T12:25:05","modified_gmt":"2025-07-22T10:25:05","slug":"service","status":"publish","type":"page","link":"https:\/\/hotel-koenigshof.eu\/de_de\/service\/","title":{"rendered":"Service"},"content":{"rendered":"\n<h1>\n\t\tUnser Fr\u00fchst\u00fcck\n\t<\/h1>\n\t<p>Wir haben die Erfahrung gemacht: ein tolles Fr\u00fchst\u00fcck sorgt f\u00fcr einen tollen Tag. Nach einer erholsamen Nacht in unseren bequemen Betten starten Sie am besten mit unserem Fr\u00fchst\u00fcck in einen erfolgreichen Tag. Lassen Sie sich verw\u00f6hnen. Bed &amp; Breakfast macht seinem Namen bei uns alle Ehre.<\/p>\n<h2>\n\t\tEin Fr\u00fchst\u00fcck, bei dem Preis &#038; Leistung stimmen.\n\t<\/h2>\n<h3>\n\t\tUnsere Hotel Box\n\t<\/h3>\n\t<p>Unsere Hotelbox ist unser bester Service-Mitarbeiter. Er steht Ihnen 24\/7 zur Verf\u00fcgung und bietet alles und eben jederzeit, was man im Normalfall und im Au\u00dfergew\u00f6hnlichen so braucht: Von der s\u00fc\u00dfen Leckerei \u00fcber ein wohlverdientes Feierabend-Bier bis zur Zahnb\u00fcrste, die vergessen wurde.<\/p>\n\t<p>Der Schl\u00fcsselkasten verschafft Ihnen einen <strong>problemfreien Zugang<\/strong>: Unabh\u00e4ngigkeit und die Sicherheit, wann immer Sie ankommen, einen Zugang zu haben. Mit Ihrer Best\u00e4tigung erhalten Sie per Email Ihren pers\u00f6nlichen Zugangscode. So sind Sie nicht nur jederzeit willkommen, sondern kommen auch jederzeit hinein ins Bed &amp; Breakfast.<\/p>\n<p><a href=\"https:\/\/hotel-koenigshof.eu\/de_de\/faqs\/\">Weitere Infos in unseren FAQs<\/a><\/p>\n<h3>\n\t\tSchl\u00fcsselkasten\n\t<\/h3>\n<h3>\n\t\tParkplatz\n\t<\/h3>\n\t<p>Sie sind mit dem Auto gekommen? Dann parken Sie einfach auf unserem G\u00e4steparkplatz direkt neben dem Hotel. So sind die Wege kurz. Der Parkplatz ist ein Service, den wir unseren G\u00e4sten bieten und der gerade wegen der zentralen Lage unseres\u00a0Bed &amp; Breakfast in der K\u00f6nigsteiner Innenstadt Gold wert ist.<\/p>\n<p><a href=\"https:\/\/hotel-koenigshof.eu\/de_de\/faqs\/\">Weitere Infos in unseren FAQs<\/a><\/p>\n\t<p>Highspeed WLAN ist bei uns selbstverst\u00e4ndlich. Mit Ihrem pers\u00f6nlichen Netzzugang in unserem Bed &amp; Breakfast k\u00f6nnen Sie nicht nur eventuell notwendige Arbeit direkt und unkompliziert erledigen, sondern auch die Lieben zuhause \u00fcber Ihre gute Zeit in K\u00f6nigstein informieren oder den n\u00e4chsten sch\u00f6nen Tag im Taunus planen.<\/p>\n<p><a href=\"https:\/\/hotel-koenigshof.eu\/de_de\/faqs\/\">Weitere Infos in unseren FAQs<\/a><\/p>\n<h3>\n\t\tHighspeed Internet\n\t<\/h3>\n\n","protected":false},"excerpt":{"rendered":"<p>Unser Fr\u00fchst\u00fcck Wir haben die Erfahrung gemacht: ein tolles Fr\u00fchst\u00fcck sorgt f\u00fcr einen tollen Tag. Nach einer erholsamen Nacht in unseren bequemen Betten starten Sie am besten mit unserem Fr\u00fchst\u00fcck in einen erfolgreichen Tag. Lassen Sie sich verw\u00f6hnen. Bed &amp; Breakfast macht seinem Namen bei uns alle Ehre. Ein Fr\u00fchst\u00fcck, bei dem Preis &#038; Leistung &#8230; <a title=\"Service\" class=\"read-more\" href=\"https:\/\/hotel-koenigshof.eu\/de_de\/service\/\" aria-label=\"Mehr Informationen \u00fcber Service\">Weiterlesen &#8230;<\/a><\/p>\n","protected":false},"author":2,"featured_media":0,"parent":0,"menu_order":0,"comment_status":"closed","ping_status":"closed","template":"","meta":{"slim_seo":{"description":"Entdecken Sie unseren Standard f\u00fcr Service. Fr\u00fchst\u00fcck, Hotel Box, Schl\u00fcssel-Box und ein kostenfreier Parkplatz.","title":"Service - Hotel K\u00f6nigshof"},"footnotes":""},"class_list":["post-259","page","type-page","status-publish"],"_links":{"self":[{"href":"https:\/\/hotel-koenigshof.eu\/de_de\/wp-json\/wp\/v2\/pages\/259","targetHints":{"allow":["GET"]}}],"collection":[{"href":"https:\/\/hotel-koenigshof.eu\/de_de\/wp-json\/wp\/v2\/pages"}],"about":[{"href":"https:\/\/hotel-koenigshof.eu\/de_de\/wp-json\/wp\/v2\/types\/page"}],"author":[{"embeddable":true,"href":"https:\/\/hotel-koenigshof.eu\/de_de\/wp-json\/wp\/v2\/users\/2"}],"replies":[{"embeddable":true,"href":"https:\/\/hotel-koenigshof.eu\/de_de\/wp-json\/wp\/v2\/comments?post=259"}],"version-history":[{"count":6,"href":"https:\/\/hotel-koenigshof.eu\/de_de\/wp-json\/wp\/v2\/pages\/259\/revisions"}],"predecessor-version":[{"id":2350,"href":"https:\/\/hotel-koenigshof.eu\/de_de\/wp-json\/wp\/v2\/pages\/259\/revisions\/2350"}],"wp:attachment":[{"href":"https:\/\/hotel-koenigshof.eu\/de_de\/wp-json\/wp\/v2\/media?parent=259"}],"curies":[{"name":"wp","href":"https:\/\/api.w.org\/{rel}","templated":true}]}}