{"id":2557,"date":"2025-07-22T12:24:19","date_gmt":"2025-07-22T10:24:19","guid":{"rendered":"https:\/\/hotel-koenigshof.eu\/?page_id=2557"},"modified":"2025-07-29T16:00:01","modified_gmt":"2025-07-29T14:00:01","slug":"gaesteinfos","status":"publish","type":"page","link":"https:\/\/hotel-koenigshof.eu\/de_de\/gaesteinfos\/","title":{"rendered":"G\u00e4steinformationen"},"content":{"rendered":"\n<h1>\n\t\tAlles f\u00fcr Ihren Aufenthalt\n\t<\/h1>\n\t<p>Holen Sie sich hier alle Infos ab, die Sie zu Ihrem Aufenthalt im Hotel K\u00f6nigshof und in K\u00f6nigstein im Taunus brauchen. Wir informieren Sie nicht nur \u00fcber das Hotel und Ihr Zimmer, sondern auch \u00fcber die beste Gastronomie in der Kurstadt.<\/p>\n\t\t\t<a href=\"https:\/\/hotel-koenigshof.eu\/wp-content\/uploads\/2025\/07\/hotel-information.pdf\" target=\"_blank\" rel=\"noopener\">\n\t\t\t\t\t\tInfos zum Hotel\n\t\t\t\t\t<\/a>\n\t\t\t<a href=\"https:\/\/hotel-koenigshof.eu\/wp-content\/uploads\/2025\/07\/check-in-anleitung-instruction.pdf\" target=\"_blank\" rel=\"noopener\">\n\t\t\t\t\t\tAnleitung Check-In\n\t\t\t\t\t<\/a>\n\t\t\t<a href=\"https:\/\/hotel-koenigshof.eu\/wp-content\/uploads\/2025\/07\/gastronomie-empfehlungen-2025.pdf\" target=\"_blank\" rel=\"noopener\">\n\t\t\t\t\t\tGastronomie in K\u00f6nigstein\n\t\t\t\t\t<\/a>\n<h2>\n\t\tDas Wichtigste zum Check-In!\n\t<\/h2>\n\t<p><strong>Wo finde ich den Schl\u00fcsselkasten-Code?<\/strong><\/p>\n<ol>\n<li>Reservierungsbest\u00e4tigung<\/li>\n<li>booking.com-Chat<\/li>\n<li>WhatsApp<\/li>\n<\/ol>\n<p><strong>Und wo ist die Zimmernummer?<\/strong><\/p>\n<ul>\n<li>An einem Anh\u00e4nger an Ihrem Schl\u00fcssel<\/li>\n<\/ul>\n\t<p><strong>Was \u00f6ffnet der Zimmerschl\u00fcssel?<\/strong><\/p>\n<ol>\n<li>Zimmert\u00fcre<\/li>\n<li>Haupteingangst\u00fcre<\/li>\n<li>Seiteneingangst\u00fcre (am Dauerparkplatz links am Hotel)<\/li>\n<\/ol>\n<p><a href=\"https:\/\/hotel-koenigshof.eu\/wp-content\/uploads\/2025\/07\/check-in-anleitung-instruction.pdf\">\u00bb Download als PDF<\/a><\/p>\n<h2>\n\t\tSo parken Sie bei uns!\n\t<\/h2>\n\t\t\t\t<a href=\"https:\/\/hotel-koenigshof.eu\/wp-content\/uploads\/2025\/07\/hotel-koenigshof-parkplatz.jpg\"  target=\"_self\" itemprop=\"url\">\n\t\t\t\t<img loading=\"lazy\" decoding=\"async\" src=\"https:\/\/hotel-koenigshof.eu\/wp-content\/uploads\/2025\/07\/hotel-koenigshof-parkplatz.jpg\" alt=\"Hotel Koenigshof Parkplatz\" itemprop=\"image\" height=\"1024\" width=\"1536\" title=\"hotel-koenigshof-parkplatz\" onerror=\"this.style.display='none'\"  \/>\n\t\t\t\t<\/a>\n\n","protected":false},"excerpt":{"rendered":"<p>Alles f\u00fcr Ihren Aufenthalt Holen Sie sich hier alle Infos ab, die Sie zu Ihrem Aufenthalt im Hotel K\u00f6nigshof und in K\u00f6nigstein im Taunus brauchen. Wir informieren Sie nicht nur \u00fcber das Hotel und Ihr Zimmer, sondern auch \u00fcber die beste Gastronomie in der Kurstadt. Infos zum Hotel Anleitung Check-In Gastronomie in K\u00f6nigstein Das Wichtigste &#8230; <a title=\"G\u00e4steinformationen\" class=\"read-more\" href=\"https:\/\/hotel-koenigshof.eu\/de_de\/gaesteinfos\/\" aria-label=\"Mehr Informationen \u00fcber G\u00e4steinformationen\">Weiterlesen &#8230;<\/a><\/p>\n","protected":false},"author":2,"featured_media":0,"parent":0,"menu_order":0,"comment_status":"closed","ping_status":"closed","template":"","meta":{"slim_seo":{"description":"Was Sie zu Ihrem Aufenthalt im Hotel K\u00f6nigshof und K\u00f6nigstein wissen m\u00fcssen: Infos zu Hotel, Check-In und Zugang zum Zimmer, Gastronomie in der Stadt.","title":"G\u00e4steinformationen - Hotel K\u00f6nigshof"},"footnotes":""},"class_list":["post-2557","page","type-page","status-publish"],"_links":{"self":[{"href":"https:\/\/hotel-koenigshof.eu\/de_de\/wp-json\/wp\/v2\/pages\/2557","targetHints":{"allow":["GET"]}}],"collection":[{"href":"https:\/\/hotel-koenigshof.eu\/de_de\/wp-json\/wp\/v2\/pages"}],"about":[{"href":"https:\/\/hotel-koenigshof.eu\/de_de\/wp-json\/wp\/v2\/types\/page"}],"author":[{"embeddable":true,"href":"https:\/\/hotel-koenigshof.eu\/de_de\/wp-json\/wp\/v2\/users\/2"}],"replies":[{"embeddable":true,"href":"https:\/\/hotel-koenigshof.eu\/de_de\/wp-json\/wp\/v2\/comments?post=2557"}],"version-history":[{"count":10,"href":"https:\/\/hotel-koenigshof.eu\/de_de\/wp-json\/wp\/v2\/pages\/2557\/revisions"}],"predecessor-version":[{"id":2580,"href":"https:\/\/hotel-koenigshof.eu\/de_de\/wp-json\/wp\/v2\/pages\/2557\/revisions\/2580"}],"wp:attachment":[{"href":"https:\/\/hotel-koenigshof.eu\/de_de\/wp-json\/wp\/v2\/media?parent=2557"}],"curies":[{"name":"wp","href":"https:\/\/api.w.org\/{rel}","templated":true}]}}