{"id":14,"date":"2021-11-30T10:08:59","date_gmt":"2021-11-30T09:08:59","guid":{"rendered":"http:\/\/dev.hotel-koenigshof.eu\/?page_id=14"},"modified":"2025-09-17T15:08:19","modified_gmt":"2025-09-17T13:08:19","slug":"home","status":"publish","type":"page","link":"https:\/\/hotel-koenigshof.eu\/de_de\/","title":{"rendered":"Willkommen im K\u00f6nigshof Bed &amp; Breakfast"},"content":{"rendered":"\n\n\t\t\t\t<img decoding=\"async\" src=\"https:\/\/hotel-koenigshof.eu\/wp-content\/uploads\/2025\/01\/hkh-logo-signet-negativ.png\" alt=\"Hkh Logo Signet Negativ\" itemprop=\"image\" height=\"308\" width=\"277\" title=\"hkh-logo-signet-negativ\" onerror=\"this.style.display='none'\" loading=\"lazy\" \/>\n<h1>\n\t\t\tDas Hotel K\u00f6nigshof: Ihr Bed &#038; Breakfast in K\u00f6nigstein\t<\/h1>\n\t<p>Ob Sie mit Familie, zum Weekend-Getaway f\u00fcr zwei, beruflich, zum Urlaub oder zur Erholung in unseren sch\u00f6nen Luftkurort im Herzen des Taunus kommen: Wir sind Ihr Bed &amp; Breakfast mit Verw\u00f6hn-Ambiente und hochwertigem Service, eingebettet in die Natur des Taunus und nahe der Mainmetropole Frankfurt.<\/p>\n\t\t\t<a href=\"https:\/\/hotel-koenigshof.eu\/de_de\/zimmer\/\" target=\"_self\">\n\t\t\t\t\t\t\tUnsere Zimmer\n\t\t\t\t\t<\/a>\n\t\t\t<a href=\"#welcome\" target=\"_self\">\n\t\t\t\t\t\t\t\u00dcber uns\n\t\t\t\t\t<\/a>\n<h3>\n\t\t\tJetzt Buchen\t<\/h3>\n\t<p>Darstellungsprobleme? <a href=\"#\">Hier Buchungsmaske \u00f6ffnen.<\/a><\/p>\n<h2>\n\t\t\tBed &#038; Breakfast in K\u00f6nigstein\t<\/h2>\n\t<p>Ein Bed &amp; Breakfast mitten im Herzen von K\u00f6nigstein\/Taunus.<\/p>\n<p>Ganz zentral in der wundersch\u00f6nen Taunusstadt K\u00f6nigstein, unweit der Rhein-Main-Metropole Frankfurt und des Internationalen Flughafens liegt unser Bed &amp; Breakfast Hotel.<\/p>\n<p>Ob Sie gesch\u00e4ftlich hier zu tun haben, auf der Durchreise sind, Ihre Freizeit hier verbringen (beispielsweise mit Biking) oder Freunde und Verwandte besuchen &#8211; im K\u00f6nigshof Bed &amp; Breakfast sind Sie goldrichtig. Wir freuen uns darauf, Ihren Aufenthalt so angenehm wie m\u00f6glich zu gestalten.<\/p>\n<p>Wir hoffen, Sie bald im K\u00f6nigshof Bed &amp; Breakfast als G\u00e4ste begr\u00fc\u00dfen zu d\u00fcrfen.<\/p>\nMit herzlichen Gr\u00fc\u00dfen,<br \/>\nIhre Familie Rudolph und das Team vom K\u00f6nigshof Bed &amp; Breakfast\n\t\t\t\t<img decoding=\"async\" src=\"https:\/\/hotel-koenigshof.eu\/wp-content\/uploads\/2022\/01\/2021-12_Hotel-Koenigshof_ID-018-1024x683.jpg\" alt=\"2021 12 hotel koenigshof id 018\" itemprop=\"image\" height=\"683\" width=\"1024\" title=\"2021-12_Hotel-Koenigshof_ID-018\" onerror=\"this.style.display='none'\" loading=\"lazy\" \/>\n<h3>\n\t\t\tUnsere Hotel Box\t<\/h3>\n\t<p>Zahnpasta, Energy-Drink, etwas f\u00fcr Naschkatzen oder ein wohlverdientes Feierabend-Bier.\u00a0 Alle notwendige Kleinigkeiten f\u00fcr einen entspannten Aufenthalt finden Sie in unserer Hotel Box &#8211; und das 24\/7!<\/p>\n\t<p><a href=\"https:\/\/hotel-koenigshof.eu\/de_de\/service\/\">Jetzt mehr erfahren.<\/a><\/p>\n\t\t\t\t<img decoding=\"async\" src=\"https:\/\/hotel-koenigshof.eu\/wp-content\/uploads\/2021\/12\/pexels-daniel-frank-1068596-1024x768.jpg\" alt=\"Pexels daniel frank 1068596\" itemprop=\"image\" height=\"768\" width=\"1024\" title=\"pexels-daniel-frank-1068596\" onerror=\"this.style.display='none'\" loading=\"lazy\" \/>\n<h3>\n\t\t\tFreizeitregion Taunus\t<\/h3>\n\t<p>Sie suchen eine Kombination aus Business und hohem Freizeitwert? Der Taunus grenzt an das Rhein-Main-Gebiet und ist das wahrscheinlich sch\u00f6nste Mittelgebirge der Welt und wartet darauf, von Ihnen entdeckt zu werden.<\/p>\n\t<p><a href=\"https:\/\/hotel-koenigshof.eu\/de_de\/umgebung\/\">Jetzt mehr erfahren.<\/a><\/p>\n<h3>\n\t\t\tUnsere Bewertungen &#038; Auszeichnungen\t<\/h3>\n\t\t\t\t\t\t\tFilled starFilled starFilled starFilled starFilled star\n\t\t\t\t\t\t<h3 class='uabb-testimonial-author-name testimonial-author-name'>Kundenbewertung von Google My Business<\/h3>\t\t\t\t\t\t\t\t\n\t\t\t\t\t\t\t<blockquote><p>Alles in Ordnung, praktischer Schl\u00fcsselkasten f\u00fcr zeitunabh\u00e4ngige Anreise, sehr sauber, Hygienekonzept auch beim Fr\u00fchst\u00fcck \u00fcberzeugt, kostenloser Parkplatz und freundliche Mitarbeiter.<\/p><\/blockquote>\t\t\t\t\t\t\n\t\t\t\t\t\t\tFilled starFilled starFilled starFilled starFilled star\n\t\t\t\t\t\t<h3 class='uabb-testimonial-author-name testimonial-author-name'>Kundenbewertung von Google My Business<\/h3>\t\t\t\t\t\t\t\t\n\t\t\t\t\t\t\t<blockquote><p>Waren gesch\u00e4ftlich 4 Tage dort. Nette Atmosph\u00e4re und super Fr\u00fchst\u00fcck. Auch unter diesen schwierigen Corona Bedingungen. Kommen auf jeden Fall wieder! Wir haben uns sehr wohl gef\u00fchlt.<\/p><\/blockquote>\t\t\t\t\t\t\n\t\t\t\t\t\t\tFilled starFilled starFilled starFilled starFilled star\n\t\t\t\t\t\t<h3 class='uabb-testimonial-author-name testimonial-author-name'>Kundenbewertung von Google My Business<\/h3>\t\t\t\t\t\t\t\t\n\t\t\t\t\t\t\t<blockquote><p>Sehr sauberes Hotel und freundliche Mitarbeiter! Top Preis- Leistungsverh\u00e4ltnis. Vielen Dank f\u00fcr die sch\u00f6nen Tage.<\/p><\/blockquote>\t\t\t\t\t\t\n\t\t\t\t<img decoding=\"async\" src=\"https:\/\/hotel-koenigshof.eu\/wp-content\/uploads\/2021\/12\/Hygene_Stern-2020.png\" alt=\"Hygene stern 2020\" itemprop=\"image\" height=\"1080\" width=\"1135\" title=\"Hygene_Stern 2020\" onerror=\"this.style.display='none'\" loading=\"lazy\" \/>\n\t\t\t\t<img decoding=\"async\" src=\"https:\/\/hotel-koenigshof.eu\/wp-content\/uploads\/2021\/12\/booking.com-awards-2020.png\" alt=\"Booking.com awards 2020\" itemprop=\"image\" height=\"600\" width=\"600\" title=\"booking.com awards 2020\" onerror=\"this.style.display='none'\" loading=\"lazy\" \/>\n\n","protected":false},"excerpt":{"rendered":"<p>Das Hotel K\u00f6nigshof: Ihr Bed &#038; Breakfast in K\u00f6nigstein Ob Sie mit Familie, zum Weekend-Getaway f\u00fcr zwei, beruflich, zum Urlaub oder zur Erholung in unseren sch\u00f6nen Luftkurort im Herzen des Taunus kommen: Wir sind Ihr Bed &amp; Breakfast mit Verw\u00f6hn-Ambiente und hochwertigem Service, eingebettet in die Natur des Taunus und nahe der Mainmetropole Frankfurt. Unsere &#8230; <a title=\"Willkommen im K\u00f6nigshof Bed &amp; Breakfast\" class=\"read-more\" href=\"https:\/\/hotel-koenigshof.eu\/de_de\/\" aria-label=\"Mehr Informationen \u00fcber Willkommen im K\u00f6nigshof Bed &amp; Breakfast\">Weiterlesen &#8230;<\/a><\/p>\n","protected":false},"author":2,"featured_media":0,"parent":0,"menu_order":0,"comment_status":"closed","ping_status":"closed","template":"","meta":{"slim_seo":{"description":"Willkommen im Hotel K\u00f6nigshof! Wir freuen uns darauf, Sie als Gast in unserem Bed & Breakfast Hotel begr\u00fc\u00dfen zu d\u00fcrfen.","title":"Hotel K\u00f6nigshof - Bed &amp; Breakfast Hotel in K\u00f6nigstein"},"footnotes":""},"class_list":["post-14","page","type-page","status-publish"],"_links":{"self":[{"href":"https:\/\/hotel-koenigshof.eu\/de_de\/wp-json\/wp\/v2\/pages\/14","targetHints":{"allow":["GET"]}}],"collection":[{"href":"https:\/\/hotel-koenigshof.eu\/de_de\/wp-json\/wp\/v2\/pages"}],"about":[{"href":"https:\/\/hotel-koenigshof.eu\/de_de\/wp-json\/wp\/v2\/types\/page"}],"author":[{"embeddable":true,"href":"https:\/\/hotel-koenigshof.eu\/de_de\/wp-json\/wp\/v2\/users\/2"}],"replies":[{"embeddable":true,"href":"https:\/\/hotel-koenigshof.eu\/de_de\/wp-json\/wp\/v2\/comments?post=14"}],"version-history":[{"count":7,"href":"https:\/\/hotel-koenigshof.eu\/de_de\/wp-json\/wp\/v2\/pages\/14\/revisions"}],"predecessor-version":[{"id":2829,"href":"https:\/\/hotel-koenigshof.eu\/de_de\/wp-json\/wp\/v2\/pages\/14\/revisions\/2829"}],"wp:attachment":[{"href":"https:\/\/hotel-koenigshof.eu\/de_de\/wp-json\/wp\/v2\/media?parent=14"}],"curies":[{"name":"wp","href":"https:\/\/api.w.org\/{rel}","templated":true}]}}