{"id":107,"date":"2021-12-01T15:57:47","date_gmt":"2021-12-01T14:57:47","guid":{"rendered":"http:\/\/dev.hotel-koenigshof.eu\/?page_id=107"},"modified":"2025-06-19T14:56:38","modified_gmt":"2025-06-19T12:56:38","slug":"zimmer","status":"publish","type":"page","link":"https:\/\/hotel-koenigshof.eu\/de_de\/zimmer\/","title":{"rendered":"Zimmer"},"content":{"rendered":"\n\n\t\t\t<a href=\"#einzelzimmer-komfort\" target=\"_self\">\n\t\t\t\t\t\t\tEinzelzimmer Komfort\n\t\t\t\t\t<\/a>\n\t\t\t<a href=\"#doppelzimmer-komfort\" target=\"_self\">\n\t\t\t\t\t\t\tDoppelzimmer Komfort\n\t\t\t\t\t<\/a>\n<h1>\n\t\tF\u00fcr Ihren entspannten Aufenthalt. Unsere Zimmer.\n\t<\/h1>\n\t\t\t\t\t\t\t\t\t\t\t\t\t\t\t\t\t<a href=\"https:\/\/hotel-koenigshof.eu\/wp-content\/uploads\/2025\/02\/2025-02_Hotel-Koenigshof_ID-8439-1024x683.jpg\" target=\"_self\" data-caption=\"\" aria-label=\"\">\n\t\t\t\t\t\t<figure>\n\t\t\t\t\t\t\t<img loading=\"lazy\" decoding=\"async\" src=\"https:\/\/hotel-koenigshof.eu\/wp-content\/uploads\/2025\/02\/2025-02_Hotel-Koenigshof_ID-8439-1024x683.jpg\" alt=\"2025 02 Hotel Koenigshof Id 8439\" srcset=\"https:\/\/hotel-koenigshof.eu\/wp-content\/uploads\/2025\/02\/2025-02_Hotel-Koenigshof_ID-8439-1024x683.jpg 1024w, https:\/\/hotel-koenigshof.eu\/wp-content\/uploads\/2025\/02\/2025-02_Hotel-Koenigshof_ID-8439-300x200.jpg 300w, https:\/\/hotel-koenigshof.eu\/wp-content\/uploads\/2025\/02\/2025-02_Hotel-Koenigshof_ID-8439-768x512.jpg 768w, https:\/\/hotel-koenigshof.eu\/wp-content\/uploads\/2025\/02\/2025-02_Hotel-Koenigshof_ID-8439-1536x1024.jpg 1536w, https:\/\/hotel-koenigshof.eu\/wp-content\/uploads\/2025\/02\/2025-02_Hotel-Koenigshof_ID-8439-18x12.jpg 18w, https:\/\/hotel-koenigshof.eu\/wp-content\/uploads\/2025\/02\/2025-02_Hotel-Koenigshof_ID-8439.jpg 1620w\" width=\"1024\" height=\"683\" \/>\n\t\t\t\t\t\t\t\t\t\t\t\t\t<\/figure>\n\t\t\t\t\t\t\t\t\t\t<\/a>\n\t\t\t\t\t\t\t\t\t\t\t\t\t\t\t\t\t<a href=\"https:\/\/hotel-koenigshof.eu\/wp-content\/uploads\/2025\/02\/2025-02_Hotel-Koenigshof_ID-8442-1024x683.jpg\" target=\"_self\" data-caption=\"\" aria-label=\"\">\n\t\t\t\t\t\t<figure>\n\t\t\t\t\t\t\t<img loading=\"lazy\" decoding=\"async\" src=\"https:\/\/hotel-koenigshof.eu\/wp-content\/uploads\/2025\/02\/2025-02_Hotel-Koenigshof_ID-8442-1024x683.jpg\" alt=\"2025 02 Hotel Koenigshof Id 8442\" srcset=\"https:\/\/hotel-koenigshof.eu\/wp-content\/uploads\/2025\/02\/2025-02_Hotel-Koenigshof_ID-8442-1024x683.jpg 1024w, https:\/\/hotel-koenigshof.eu\/wp-content\/uploads\/2025\/02\/2025-02_Hotel-Koenigshof_ID-8442-300x200.jpg 300w, https:\/\/hotel-koenigshof.eu\/wp-content\/uploads\/2025\/02\/2025-02_Hotel-Koenigshof_ID-8442-768x512.jpg 768w, https:\/\/hotel-koenigshof.eu\/wp-content\/uploads\/2025\/02\/2025-02_Hotel-Koenigshof_ID-8442-1536x1024.jpg 1536w, https:\/\/hotel-koenigshof.eu\/wp-content\/uploads\/2025\/02\/2025-02_Hotel-Koenigshof_ID-8442-18x12.jpg 18w, https:\/\/hotel-koenigshof.eu\/wp-content\/uploads\/2025\/02\/2025-02_Hotel-Koenigshof_ID-8442.jpg 1620w\" width=\"1024\" height=\"683\" \/>\n\t\t\t\t\t\t\t\t\t\t\t\t\t<\/figure>\n\t\t\t\t\t\t\t\t\t\t<\/a>\n\t\t\t\t\t\t\t\t\t\t\t\t\t\t\t\t\t<a href=\"https:\/\/hotel-koenigshof.eu\/wp-content\/uploads\/2025\/02\/2025-02_Hotel-Koenigshof_ID-8454-1024x683.jpg\" target=\"_self\" data-caption=\"\" aria-label=\"\">\n\t\t\t\t\t\t<figure>\n\t\t\t\t\t\t\t<img loading=\"lazy\" decoding=\"async\" src=\"https:\/\/hotel-koenigshof.eu\/wp-content\/uploads\/2025\/02\/2025-02_Hotel-Koenigshof_ID-8454-1024x683.jpg\" alt=\"2025 02 Hotel Koenigshof Id 8454\" srcset=\"https:\/\/hotel-koenigshof.eu\/wp-content\/uploads\/2025\/02\/2025-02_Hotel-Koenigshof_ID-8454-1024x683.jpg 1024w, https:\/\/hotel-koenigshof.eu\/wp-content\/uploads\/2025\/02\/2025-02_Hotel-Koenigshof_ID-8454-300x200.jpg 300w, https:\/\/hotel-koenigshof.eu\/wp-content\/uploads\/2025\/02\/2025-02_Hotel-Koenigshof_ID-8454-768x512.jpg 768w, https:\/\/hotel-koenigshof.eu\/wp-content\/uploads\/2025\/02\/2025-02_Hotel-Koenigshof_ID-8454-1536x1024.jpg 1536w, https:\/\/hotel-koenigshof.eu\/wp-content\/uploads\/2025\/02\/2025-02_Hotel-Koenigshof_ID-8454-18x12.jpg 18w, https:\/\/hotel-koenigshof.eu\/wp-content\/uploads\/2025\/02\/2025-02_Hotel-Koenigshof_ID-8454.jpg 1620w\" width=\"1024\" height=\"683\" \/>\n\t\t\t\t\t\t\t\t\t\t\t\t\t<\/figure>\n\t\t\t\t\t\t\t\t\t\t<\/a>\n\t\t\t\t\t\t\t\t\t\t\t\t\t\t\t\t\t<a href=\"https:\/\/hotel-koenigshof.eu\/wp-content\/uploads\/2025\/02\/2025-02_Hotel-Koenigshof_ID-8445-1024x626.jpg\" target=\"_self\" data-caption=\"\" aria-label=\"\">\n\t\t\t\t\t\t<figure>\n\t\t\t\t\t\t\t<img loading=\"lazy\" decoding=\"async\" src=\"https:\/\/hotel-koenigshof.eu\/wp-content\/uploads\/2025\/02\/2025-02_Hotel-Koenigshof_ID-8445-1024x626.jpg\" alt=\"2025 02 Hotel Koenigshof Id 8445\" srcset=\"https:\/\/hotel-koenigshof.eu\/wp-content\/uploads\/2025\/02\/2025-02_Hotel-Koenigshof_ID-8445-1024x626.jpg 1024w, https:\/\/hotel-koenigshof.eu\/wp-content\/uploads\/2025\/02\/2025-02_Hotel-Koenigshof_ID-8445-300x183.jpg 300w, https:\/\/hotel-koenigshof.eu\/wp-content\/uploads\/2025\/02\/2025-02_Hotel-Koenigshof_ID-8445-768x470.jpg 768w, https:\/\/hotel-koenigshof.eu\/wp-content\/uploads\/2025\/02\/2025-02_Hotel-Koenigshof_ID-8445-1536x939.jpg 1536w, https:\/\/hotel-koenigshof.eu\/wp-content\/uploads\/2025\/02\/2025-02_Hotel-Koenigshof_ID-8445-18x12.jpg 18w, https:\/\/hotel-koenigshof.eu\/wp-content\/uploads\/2025\/02\/2025-02_Hotel-Koenigshof_ID-8445.jpg 1766w\" width=\"1024\" height=\"626\" \/>\n\t\t\t\t\t\t\t\t\t\t\t\t\t<\/figure>\n\t\t\t\t\t\t\t\t\t\t<\/a>\n\t\t\t\t\t\t\t\t\t\t\t\t\t\t\t\t\t<a href=\"https:\/\/hotel-koenigshof.eu\/wp-content\/uploads\/2025\/02\/2025-02_Hotel-Koenigshof_ID-8412-1024x686.jpg\" target=\"_self\" data-caption=\"\" aria-label=\"\">\n\t\t\t\t\t\t<figure>\n\t\t\t\t\t\t\t<img loading=\"lazy\" decoding=\"async\" src=\"https:\/\/hotel-koenigshof.eu\/wp-content\/uploads\/2025\/02\/2025-02_Hotel-Koenigshof_ID-8412-1024x686.jpg\" alt=\"2025 02 Hotel Koenigshof Id 8412\" srcset=\"https:\/\/hotel-koenigshof.eu\/wp-content\/uploads\/2025\/02\/2025-02_Hotel-Koenigshof_ID-8412-1024x686.jpg 1024w, https:\/\/hotel-koenigshof.eu\/wp-content\/uploads\/2025\/02\/2025-02_Hotel-Koenigshof_ID-8412-300x201.jpg 300w, https:\/\/hotel-koenigshof.eu\/wp-content\/uploads\/2025\/02\/2025-02_Hotel-Koenigshof_ID-8412-768x515.jpg 768w, https:\/\/hotel-koenigshof.eu\/wp-content\/uploads\/2025\/02\/2025-02_Hotel-Koenigshof_ID-8412-1536x1029.jpg 1536w, https:\/\/hotel-koenigshof.eu\/wp-content\/uploads\/2025\/02\/2025-02_Hotel-Koenigshof_ID-8412-18x12.jpg 18w, https:\/\/hotel-koenigshof.eu\/wp-content\/uploads\/2025\/02\/2025-02_Hotel-Koenigshof_ID-8412.jpg 1612w\" width=\"1024\" height=\"686\" \/>\n\t\t\t\t\t\t\t\t\t\t\t\t\t<\/figure>\n\t\t\t\t\t\t\t\t\t\t<\/a>\n\t\t\t\t\t\t\t\t\t\t\t\t\t\t\t\t\t<a href=\"https:\/\/hotel-koenigshof.eu\/wp-content\/uploads\/2025\/03\/hotel-koenigshof-einzelzimmer-01-1024x682.jpg\" target=\"_self\" data-caption=\"\" aria-label=\"\">\n\t\t\t\t\t\t<figure>\n\t\t\t\t\t\t\t<img loading=\"lazy\" decoding=\"async\" src=\"https:\/\/hotel-koenigshof.eu\/wp-content\/uploads\/2025\/03\/hotel-koenigshof-einzelzimmer-01-1024x682.jpg\" alt=\"Hotel Koenigshof Einzelzimmer 01\" srcset=\"https:\/\/hotel-koenigshof.eu\/wp-content\/uploads\/2025\/03\/hotel-koenigshof-einzelzimmer-01-1024x682.jpg 1024w, https:\/\/hotel-koenigshof.eu\/wp-content\/uploads\/2025\/03\/hotel-koenigshof-einzelzimmer-01-300x200.jpg 300w, https:\/\/hotel-koenigshof.eu\/wp-content\/uploads\/2025\/03\/hotel-koenigshof-einzelzimmer-01-768x512.jpg 768w, https:\/\/hotel-koenigshof.eu\/wp-content\/uploads\/2025\/03\/hotel-koenigshof-einzelzimmer-01-1536x1024.jpg 1536w, https:\/\/hotel-koenigshof.eu\/wp-content\/uploads\/2025\/03\/hotel-koenigshof-einzelzimmer-01-18x12.jpg 18w, https:\/\/hotel-koenigshof.eu\/wp-content\/uploads\/2025\/03\/hotel-koenigshof-einzelzimmer-01.jpg 2000w\" width=\"1024\" height=\"682\" \/>\n\t\t\t\t\t\t\t\t\t\t\t\t\t<\/figure>\n\t\t\t\t\t\t\t\t\t\t<\/a>\n\t\t\t\t\t\t\t\t\t\t\t\t\t\t\t\t\t<a href=\"https:\/\/hotel-koenigshof.eu\/wp-content\/uploads\/2025\/03\/hotel-koenigshof-einzelzimmer-02-1024x660.jpg\" target=\"_self\" data-caption=\"\" aria-label=\"\">\n\t\t\t\t\t\t<figure>\n\t\t\t\t\t\t\t<img loading=\"lazy\" decoding=\"async\" src=\"https:\/\/hotel-koenigshof.eu\/wp-content\/uploads\/2025\/03\/hotel-koenigshof-einzelzimmer-02-1024x660.jpg\" alt=\"Hotel Koenigshof Einzelzimmer 02\" srcset=\"https:\/\/hotel-koenigshof.eu\/wp-content\/uploads\/2025\/03\/hotel-koenigshof-einzelzimmer-02-1024x660.jpg 1024w, https:\/\/hotel-koenigshof.eu\/wp-content\/uploads\/2025\/03\/hotel-koenigshof-einzelzimmer-02-300x193.jpg 300w, https:\/\/hotel-koenigshof.eu\/wp-content\/uploads\/2025\/03\/hotel-koenigshof-einzelzimmer-02-768x495.jpg 768w, https:\/\/hotel-koenigshof.eu\/wp-content\/uploads\/2025\/03\/hotel-koenigshof-einzelzimmer-02-1536x990.jpg 1536w, https:\/\/hotel-koenigshof.eu\/wp-content\/uploads\/2025\/03\/hotel-koenigshof-einzelzimmer-02-18x12.jpg 18w, https:\/\/hotel-koenigshof.eu\/wp-content\/uploads\/2025\/03\/hotel-koenigshof-einzelzimmer-02.jpg 2000w\" width=\"1024\" height=\"660\" \/>\n\t\t\t\t\t\t\t\t\t\t\t\t\t<\/figure>\n\t\t\t\t\t\t\t\t\t\t<\/a>\n\t\t\t\t\t\t\t\t\t\t\t<!-- pagination -->\n\t\t\t\t\t<!-- navigation arrows -->\n\t\t<button aria-label=\"Previous slide\" role=\"button\" tabindex=\"0\">\n\t\t\t\t\t<\/button>\n\t\t<button aria-label=\"Next slide\" role=\"button\" tabindex=\"0\">\n\t\t\t\t\t<\/button>\n\t\t\t<a href=\"#\" target=\"_self\">\n\t\t\t\t\t\t\tJetzt buchen\n\t\t\t\t\t<\/a>\n<h3>\n\t\t<small>Einzelzimmer<\/small><br \/>Komfort\n\t<\/h3>\n\t<p>Unsere Einzelzimmer Komfort (Matratzenbreite: 140 cm x 200cm) bieten noch mehr reichlichen Bewegungsfreiraum. Sie sind mit einem modernen Badezimmer (Dusche\/WC) ausgestattet sowie mit TV, Telefon und Mini-K\u00fchlschrank. Da sie \u00fcber einen Schreibtisch verf\u00fcgen, eignen sie sich auch gut zum Arbeiten. Per WLAN haben Sie in unseren Einzelzimmern kostenfrei Zugang ins High Speed Internet.<\/p>\n\t\t\t<h4> ca. 20m\u00b2 gro\u00df<\/h4>\t\t\n\t\t\t<h4> Telefon<\/h4>\t\t\n\t\t\t<h4> Mini-K\u00fchlschrank<\/h4>\t\t\n\t\t\t<h4> Highspeed WLAN<\/h4>\t\t\n\t\t\t<h4> TV<\/h4>\t\t\n\t\t\t<h4> Dusche\/WC<\/h4>\t\t\n\t\t\t<h4> Duschgel\/Handseife\/Body- und Handlotion<\/h4>\t\t\n\t\t\t<h4> Kosmetikspiegel\/Haar F\u00f6n<\/h4>\t\t\n\t\t\t<h4> Safe<\/h4>\t\t\n\t\t\t<h4> Nichtraucher<\/h4>\t\t\n\t\t\t<h4> Rauchmelder<\/h4>\t\t\n\t\t\t<h4> Schreibtisch<\/h4>\t\t\n\t\t\t\t\t\t\t\t\t\t\t\t\t\t\t\t\t<a href=\"https:\/\/hotel-koenigshof.eu\/wp-content\/uploads\/2025\/02\/2025-02_Hotel-Koenigshof_ID-8383-1024x683.jpg\" target=\"_self\" data-caption=\"\" aria-label=\"\">\n\t\t\t\t\t\t<figure>\n\t\t\t\t\t\t\t<img loading=\"lazy\" decoding=\"async\" src=\"https:\/\/hotel-koenigshof.eu\/wp-content\/uploads\/2025\/02\/2025-02_Hotel-Koenigshof_ID-8383-1024x683.jpg\" alt=\"2025 02 Hotel Koenigshof Id 8383\" srcset=\"https:\/\/hotel-koenigshof.eu\/wp-content\/uploads\/2025\/02\/2025-02_Hotel-Koenigshof_ID-8383-1024x683.jpg 1024w, https:\/\/hotel-koenigshof.eu\/wp-content\/uploads\/2025\/02\/2025-02_Hotel-Koenigshof_ID-8383-300x200.jpg 300w, https:\/\/hotel-koenigshof.eu\/wp-content\/uploads\/2025\/02\/2025-02_Hotel-Koenigshof_ID-8383-768x512.jpg 768w, https:\/\/hotel-koenigshof.eu\/wp-content\/uploads\/2025\/02\/2025-02_Hotel-Koenigshof_ID-8383-1536x1024.jpg 1536w, https:\/\/hotel-koenigshof.eu\/wp-content\/uploads\/2025\/02\/2025-02_Hotel-Koenigshof_ID-8383-18x12.jpg 18w, https:\/\/hotel-koenigshof.eu\/wp-content\/uploads\/2025\/02\/2025-02_Hotel-Koenigshof_ID-8383.jpg 1620w\" width=\"1024\" height=\"683\" \/>\n\t\t\t\t\t\t\t\t\t\t\t\t\t<\/figure>\n\t\t\t\t\t\t\t\t\t\t<\/a>\n\t\t\t\t\t\t\t\t\t\t\t\t\t\t\t\t\t<a href=\"https:\/\/hotel-koenigshof.eu\/wp-content\/uploads\/2025\/02\/2025-02_Hotel-Koenigshof_ID-8395-1024x678.jpg\" target=\"_self\" data-caption=\"\" aria-label=\"\">\n\t\t\t\t\t\t<figure>\n\t\t\t\t\t\t\t<img loading=\"lazy\" decoding=\"async\" src=\"https:\/\/hotel-koenigshof.eu\/wp-content\/uploads\/2025\/02\/2025-02_Hotel-Koenigshof_ID-8395-1024x678.jpg\" alt=\"2025 02 Hotel Koenigshof Id 8395\" srcset=\"https:\/\/hotel-koenigshof.eu\/wp-content\/uploads\/2025\/02\/2025-02_Hotel-Koenigshof_ID-8395-1024x678.jpg 1024w, https:\/\/hotel-koenigshof.eu\/wp-content\/uploads\/2025\/02\/2025-02_Hotel-Koenigshof_ID-8395-300x199.jpg 300w, https:\/\/hotel-koenigshof.eu\/wp-content\/uploads\/2025\/02\/2025-02_Hotel-Koenigshof_ID-8395-768x508.jpg 768w, https:\/\/hotel-koenigshof.eu\/wp-content\/uploads\/2025\/02\/2025-02_Hotel-Koenigshof_ID-8395-1536x1016.jpg 1536w, https:\/\/hotel-koenigshof.eu\/wp-content\/uploads\/2025\/02\/2025-02_Hotel-Koenigshof_ID-8395-18x12.jpg 18w, https:\/\/hotel-koenigshof.eu\/wp-content\/uploads\/2025\/02\/2025-02_Hotel-Koenigshof_ID-8395.jpg 1632w\" width=\"1024\" height=\"678\" \/>\n\t\t\t\t\t\t\t\t\t\t\t\t\t<\/figure>\n\t\t\t\t\t\t\t\t\t\t<\/a>\n\t\t\t\t\t\t\t\t\t\t\t\t\t\t\t\t\t<a href=\"https:\/\/hotel-koenigshof.eu\/wp-content\/uploads\/2025\/02\/2025-02_Hotel-Koenigshof_ID-8398-1024x683.jpg\" target=\"_self\" data-caption=\"\" aria-label=\"\">\n\t\t\t\t\t\t<figure>\n\t\t\t\t\t\t\t<img loading=\"lazy\" decoding=\"async\" src=\"https:\/\/hotel-koenigshof.eu\/wp-content\/uploads\/2025\/02\/2025-02_Hotel-Koenigshof_ID-8398-1024x683.jpg\" alt=\"2025 02 Hotel Koenigshof Id 8398\" srcset=\"https:\/\/hotel-koenigshof.eu\/wp-content\/uploads\/2025\/02\/2025-02_Hotel-Koenigshof_ID-8398-1024x683.jpg 1024w, https:\/\/hotel-koenigshof.eu\/wp-content\/uploads\/2025\/02\/2025-02_Hotel-Koenigshof_ID-8398-300x200.jpg 300w, https:\/\/hotel-koenigshof.eu\/wp-content\/uploads\/2025\/02\/2025-02_Hotel-Koenigshof_ID-8398-768x512.jpg 768w, https:\/\/hotel-koenigshof.eu\/wp-content\/uploads\/2025\/02\/2025-02_Hotel-Koenigshof_ID-8398-1536x1024.jpg 1536w, https:\/\/hotel-koenigshof.eu\/wp-content\/uploads\/2025\/02\/2025-02_Hotel-Koenigshof_ID-8398-18x12.jpg 18w, https:\/\/hotel-koenigshof.eu\/wp-content\/uploads\/2025\/02\/2025-02_Hotel-Koenigshof_ID-8398.jpg 1620w\" width=\"1024\" height=\"683\" \/>\n\t\t\t\t\t\t\t\t\t\t\t\t\t<\/figure>\n\t\t\t\t\t\t\t\t\t\t<\/a>\n\t\t\t\t\t\t\t\t\t\t\t\t\t\t\t\t\t<a href=\"https:\/\/hotel-koenigshof.eu\/wp-content\/uploads\/2025\/02\/2025-02_Hotel-Koenigshof_ID-8412-1024x686.jpg\" target=\"_self\" data-caption=\"\" aria-label=\"\">\n\t\t\t\t\t\t<figure>\n\t\t\t\t\t\t\t<img loading=\"lazy\" decoding=\"async\" src=\"https:\/\/hotel-koenigshof.eu\/wp-content\/uploads\/2025\/02\/2025-02_Hotel-Koenigshof_ID-8412-1024x686.jpg\" alt=\"2025 02 Hotel Koenigshof Id 8412\" srcset=\"https:\/\/hotel-koenigshof.eu\/wp-content\/uploads\/2025\/02\/2025-02_Hotel-Koenigshof_ID-8412-1024x686.jpg 1024w, https:\/\/hotel-koenigshof.eu\/wp-content\/uploads\/2025\/02\/2025-02_Hotel-Koenigshof_ID-8412-300x201.jpg 300w, https:\/\/hotel-koenigshof.eu\/wp-content\/uploads\/2025\/02\/2025-02_Hotel-Koenigshof_ID-8412-768x515.jpg 768w, https:\/\/hotel-koenigshof.eu\/wp-content\/uploads\/2025\/02\/2025-02_Hotel-Koenigshof_ID-8412-1536x1029.jpg 1536w, https:\/\/hotel-koenigshof.eu\/wp-content\/uploads\/2025\/02\/2025-02_Hotel-Koenigshof_ID-8412-18x12.jpg 18w, https:\/\/hotel-koenigshof.eu\/wp-content\/uploads\/2025\/02\/2025-02_Hotel-Koenigshof_ID-8412.jpg 1612w\" width=\"1024\" height=\"686\" \/>\n\t\t\t\t\t\t\t\t\t\t\t\t\t<\/figure>\n\t\t\t\t\t\t\t\t\t\t<\/a>\n\t\t\t\t\t\t\t\t\t\t\t\t\t\t\t\t\t<a href=\"https:\/\/hotel-koenigshof.eu\/wp-content\/uploads\/2025\/02\/2025-02_Hotel-Koenigshof_ID-8421-1024x683.jpg\" target=\"_self\" data-caption=\"\" aria-label=\"\">\n\t\t\t\t\t\t<figure>\n\t\t\t\t\t\t\t<img loading=\"lazy\" decoding=\"async\" src=\"https:\/\/hotel-koenigshof.eu\/wp-content\/uploads\/2025\/02\/2025-02_Hotel-Koenigshof_ID-8421-1024x683.jpg\" alt=\"2025 02 Hotel Koenigshof Id 8421\" srcset=\"https:\/\/hotel-koenigshof.eu\/wp-content\/uploads\/2025\/02\/2025-02_Hotel-Koenigshof_ID-8421-1024x683.jpg 1024w, https:\/\/hotel-koenigshof.eu\/wp-content\/uploads\/2025\/02\/2025-02_Hotel-Koenigshof_ID-8421-300x200.jpg 300w, https:\/\/hotel-koenigshof.eu\/wp-content\/uploads\/2025\/02\/2025-02_Hotel-Koenigshof_ID-8421-768x512.jpg 768w, https:\/\/hotel-koenigshof.eu\/wp-content\/uploads\/2025\/02\/2025-02_Hotel-Koenigshof_ID-8421-1536x1024.jpg 1536w, https:\/\/hotel-koenigshof.eu\/wp-content\/uploads\/2025\/02\/2025-02_Hotel-Koenigshof_ID-8421-18x12.jpg 18w, https:\/\/hotel-koenigshof.eu\/wp-content\/uploads\/2025\/02\/2025-02_Hotel-Koenigshof_ID-8421.jpg 1620w\" width=\"1024\" height=\"683\" \/>\n\t\t\t\t\t\t\t\t\t\t\t\t\t<\/figure>\n\t\t\t\t\t\t\t\t\t\t<\/a>\n\t\t\t\t\t\t\t\t\t\t\t\t\t\t\t\t\t<a href=\"https:\/\/hotel-koenigshof.eu\/wp-content\/uploads\/2025\/02\/2025-02_Hotel-Koenigshof_ID-8423-1024x683.jpg\" target=\"_self\" data-caption=\"\" aria-label=\"\">\n\t\t\t\t\t\t<figure>\n\t\t\t\t\t\t\t<img loading=\"lazy\" decoding=\"async\" src=\"https:\/\/hotel-koenigshof.eu\/wp-content\/uploads\/2025\/02\/2025-02_Hotel-Koenigshof_ID-8423-1024x683.jpg\" alt=\"2025 02 Hotel Koenigshof Id 8423\" srcset=\"https:\/\/hotel-koenigshof.eu\/wp-content\/uploads\/2025\/02\/2025-02_Hotel-Koenigshof_ID-8423-1024x683.jpg 1024w, https:\/\/hotel-koenigshof.eu\/wp-content\/uploads\/2025\/02\/2025-02_Hotel-Koenigshof_ID-8423-300x200.jpg 300w, https:\/\/hotel-koenigshof.eu\/wp-content\/uploads\/2025\/02\/2025-02_Hotel-Koenigshof_ID-8423-768x512.jpg 768w, https:\/\/hotel-koenigshof.eu\/wp-content\/uploads\/2025\/02\/2025-02_Hotel-Koenigshof_ID-8423-1536x1024.jpg 1536w, https:\/\/hotel-koenigshof.eu\/wp-content\/uploads\/2025\/02\/2025-02_Hotel-Koenigshof_ID-8423-18x12.jpg 18w, https:\/\/hotel-koenigshof.eu\/wp-content\/uploads\/2025\/02\/2025-02_Hotel-Koenigshof_ID-8423.jpg 1620w\" width=\"1024\" height=\"683\" \/>\n\t\t\t\t\t\t\t\t\t\t\t\t\t<\/figure>\n\t\t\t\t\t\t\t\t\t\t<\/a>\n\t\t\t\t\t\t\t\t\t\t\t\t\t\t\t\t\t<a href=\"https:\/\/hotel-koenigshof.eu\/wp-content\/uploads\/2025\/03\/hotel-koenigshof-doppelzimmer-02-1024x682.jpg\" target=\"_self\" data-caption=\"\" aria-label=\"\">\n\t\t\t\t\t\t<figure>\n\t\t\t\t\t\t\t<img loading=\"lazy\" decoding=\"async\" src=\"https:\/\/hotel-koenigshof.eu\/wp-content\/uploads\/2025\/03\/hotel-koenigshof-doppelzimmer-02-1024x682.jpg\" alt=\"Hotel Koenigshof Doppelzimmer 02\" srcset=\"https:\/\/hotel-koenigshof.eu\/wp-content\/uploads\/2025\/03\/hotel-koenigshof-doppelzimmer-02-1024x682.jpg 1024w, https:\/\/hotel-koenigshof.eu\/wp-content\/uploads\/2025\/03\/hotel-koenigshof-doppelzimmer-02-300x200.jpg 300w, https:\/\/hotel-koenigshof.eu\/wp-content\/uploads\/2025\/03\/hotel-koenigshof-doppelzimmer-02-768x512.jpg 768w, https:\/\/hotel-koenigshof.eu\/wp-content\/uploads\/2025\/03\/hotel-koenigshof-doppelzimmer-02-1536x1024.jpg 1536w, https:\/\/hotel-koenigshof.eu\/wp-content\/uploads\/2025\/03\/hotel-koenigshof-doppelzimmer-02-18x12.jpg 18w, https:\/\/hotel-koenigshof.eu\/wp-content\/uploads\/2025\/03\/hotel-koenigshof-doppelzimmer-02.jpg 2000w\" width=\"1024\" height=\"682\" \/>\n\t\t\t\t\t\t\t\t\t\t\t\t\t<\/figure>\n\t\t\t\t\t\t\t\t\t\t<\/a>\n\t\t\t\t\t\t\t\t\t\t\t\t\t\t\t\t\t<a href=\"https:\/\/hotel-koenigshof.eu\/wp-content\/uploads\/2025\/03\/hotel-koenigshof-doppelzimmer-00-1024x682.jpg\" target=\"_self\" data-caption=\"\" aria-label=\"\">\n\t\t\t\t\t\t<figure>\n\t\t\t\t\t\t\t<img loading=\"lazy\" decoding=\"async\" src=\"https:\/\/hotel-koenigshof.eu\/wp-content\/uploads\/2025\/03\/hotel-koenigshof-doppelzimmer-00-1024x682.jpg\" alt=\"Hotel Koenigshof Doppelzimmer 00\" srcset=\"https:\/\/hotel-koenigshof.eu\/wp-content\/uploads\/2025\/03\/hotel-koenigshof-doppelzimmer-00-1024x682.jpg 1024w, https:\/\/hotel-koenigshof.eu\/wp-content\/uploads\/2025\/03\/hotel-koenigshof-doppelzimmer-00-300x200.jpg 300w, https:\/\/hotel-koenigshof.eu\/wp-content\/uploads\/2025\/03\/hotel-koenigshof-doppelzimmer-00-768x512.jpg 768w, https:\/\/hotel-koenigshof.eu\/wp-content\/uploads\/2025\/03\/hotel-koenigshof-doppelzimmer-00-1536x1024.jpg 1536w, https:\/\/hotel-koenigshof.eu\/wp-content\/uploads\/2025\/03\/hotel-koenigshof-doppelzimmer-00-18x12.jpg 18w, https:\/\/hotel-koenigshof.eu\/wp-content\/uploads\/2025\/03\/hotel-koenigshof-doppelzimmer-00.jpg 2000w\" width=\"1024\" height=\"682\" \/>\n\t\t\t\t\t\t\t\t\t\t\t\t\t<\/figure>\n\t\t\t\t\t\t\t\t\t\t<\/a>\n\t\t\t\t\t\t\t\t\t\t\t<!-- pagination -->\n\t\t\t\t\t<!-- navigation arrows -->\n\t\t<button aria-label=\"Previous slide\" role=\"button\" tabindex=\"0\">\n\t\t\t\t\t<\/button>\n\t\t<button aria-label=\"Next slide\" role=\"button\" tabindex=\"0\">\n\t\t\t\t\t<\/button>\n\t\t\t<a href=\"#\" target=\"_self\">\n\t\t\t\t\t\t\tJetzt buchen\n\t\t\t\t\t<\/a>\n<h3>\n\t\t<small>Doppelzimmer<\/small><br \/>Komfort\n\t<\/h3>\n\t<p>Unsere Doppelzimmer Komfort (Matratzenbreite: 180 cm x 200cm) bieten den meisten Bewegungsfreiraum, sodass Sie auch zu zweit ausreichend Platz haben. Sie sind mit einem modernen Badezimmer (Dusche\/WC) ausgestattet sowie mit TV, Telefon und Mini-K\u00fchlschrank. Da sie \u00fcber einen Schreibtisch verf\u00fcgen, eignen sie sich auch gut zum Arbeiten. Per WLAN haben Sie in unseren Einzelzimmern kostenfrei Zugang ins High Speed Internet.<\/p>\n\t\t\t<h4> ca. 25m\u00b2 gro\u00df<\/h4>\t\t\n\t\t\t<h4> Telefon<\/h4>\t\t\n\t\t\t<h4> Mini-K\u00fchlschrank<\/h4>\t\t\n\t\t\t<h4> Highspeed WLAN<\/h4>\t\t\n\t\t\t<h4> TV<\/h4>\t\t\n\t\t\t<h4> Dusche\/WC<\/h4>\t\t\n\t\t\t<h4> Duschgel\/Handseife\/Body- und Handlotion<\/h4>\t\t\n\t\t\t<h4> Kosmetikspiegel\/Haar F\u00f6n<\/h4>\t\t\n\t\t\t<h4> Safe<\/h4>\t\t\n\t\t\t<h4> Nichtraucher<\/h4>\t\t\n\t\t\t<h4> Rauchmelder<\/h4>\t\t\n\t\t\t<h4> Schreibtisch<\/h4>\t\t\n\t\n","protected":false},"excerpt":{"rendered":"<p>Einzelzimmer Komfort Doppelzimmer Komfort F\u00fcr Ihren entspannten Aufenthalt. Unsere Zimmer. Jetzt buchen EinzelzimmerKomfort Unsere Einzelzimmer Komfort (Matratzenbreite: 140 cm x 200cm) bieten noch mehr reichlichen Bewegungsfreiraum. Sie sind mit einem modernen Badezimmer (Dusche\/WC) ausgestattet sowie mit TV, Telefon und Mini-K\u00fchlschrank. Da sie \u00fcber einen Schreibtisch verf\u00fcgen, eignen sie sich auch gut zum Arbeiten. Per WLAN &#8230; <a title=\"Zimmer\" class=\"read-more\" href=\"https:\/\/hotel-koenigshof.eu\/de_de\/zimmer\/\" aria-label=\"Mehr Informationen \u00fcber Zimmer\">Weiterlesen &#8230;<\/a><\/p>\n","protected":false},"author":2,"featured_media":0,"parent":0,"menu_order":0,"comment_status":"closed","ping_status":"closed","template":"","meta":{"slim_seo":{"description":"Erfahren Sie mehr \u00fcber unsere Hotelzimmer. W\u00e4hlen Sie Ihren Favoriten f\u00fcr einen entspannten Aufenthalt.","title":"Zimmer - Hotel K\u00f6nigshof"},"footnotes":""},"class_list":["post-107","page","type-page","status-publish"],"_links":{"self":[{"href":"https:\/\/hotel-koenigshof.eu\/de_de\/wp-json\/wp\/v2\/pages\/107","targetHints":{"allow":["GET"]}}],"collection":[{"href":"https:\/\/hotel-koenigshof.eu\/de_de\/wp-json\/wp\/v2\/pages"}],"about":[{"href":"https:\/\/hotel-koenigshof.eu\/de_de\/wp-json\/wp\/v2\/types\/page"}],"author":[{"embeddable":true,"href":"https:\/\/hotel-koenigshof.eu\/de_de\/wp-json\/wp\/v2\/users\/2"}],"replies":[{"embeddable":true,"href":"https:\/\/hotel-koenigshof.eu\/de_de\/wp-json\/wp\/v2\/comments?post=107"}],"version-history":[{"count":10,"href":"https:\/\/hotel-koenigshof.eu\/de_de\/wp-json\/wp\/v2\/pages\/107\/revisions"}],"predecessor-version":[{"id":2328,"href":"https:\/\/hotel-koenigshof.eu\/de_de\/wp-json\/wp\/v2\/pages\/107\/revisions\/2328"}],"wp:attachment":[{"href":"https:\/\/hotel-koenigshof.eu\/de_de\/wp-json\/wp\/v2\/media?parent=107"}],"curies":[{"name":"wp","href":"https:\/\/api.w.org\/{rel}","templated":true}]}}